{"id":11,"date":"2026-02-03T13:01:31","date_gmt":"2026-02-03T18:01:31","guid":{"rendered":"http:\/\/mroy.dectim.ca\/EnvProfTP2\/wordpress\/?page_id=11"},"modified":"2026-04-28T11:55:35","modified_gmt":"2026-04-28T15:55:35","slug":"accueil","status":"publish","type":"page","link":"https:\/\/mroy.dectim.ca\/EnvProfTP2\/wordpress\/","title":{"rendered":"Accueil"},"content":{"rendered":"\n<div class=\"wp-block-cover alignfull has-custom-content-position is-position-bottom-center has-ast-global-color-0-color has-text-color has-link-color wp-elements-85b42a9c83a3438d457a8a675cfcb88a\" style=\"padding-bottom:var(--wp--preset--spacing--70);min-height:564px;aspect-ratio:unset;\"><img loading=\"lazy\" decoding=\"async\" width=\"1016\" height=\"676\" class=\"wp-block-cover__image-background wp-image-1365 size-full\" alt=\"\" src=\"https:\/\/mroy.dectim.ca\/EnvProfTP2\/wordpress\/wp-content\/uploads\/2026\/04\/image_2026-04-26_105227755.png\" style=\"object-position:56% 54%\" data-object-fit=\"cover\" data-object-position=\"56% 54%\" srcset=\"https:\/\/mroy.dectim.ca\/EnvProfTP2\/wordpress\/wp-content\/uploads\/2026\/04\/image_2026-04-26_105227755.png 1016w, https:\/\/mroy.dectim.ca\/EnvProfTP2\/wordpress\/wp-content\/uploads\/2026\/04\/image_2026-04-26_105227755-300x200.png 300w, https:\/\/mroy.dectim.ca\/EnvProfTP2\/wordpress\/wp-content\/uploads\/2026\/04\/image_2026-04-26_105227755-768x511.png 768w\" sizes=\"auto, (max-width: 1016px) 100vw, 1016px\" \/><span aria-hidden=\"true\" class=\"wp-block-cover__background has-ast-global-color-3-background-color has-background-dim-30 has-background-dim\"><\/span><div class=\"wp-block-cover__inner-container is-layout-flow wp-block-cover-is-layout-flow\">\n<div class=\"wp-block-group is-layout-constrained wp-container-core-group-is-layout-e555385e wp-block-group-is-layout-constrained\">\n<h1 class=\"wp-block-heading has-ast-global-color-0-color has-text-color has-link-color wp-elements-e83face929ae62dcd801680b4c85884d\">Quad Studio<\/h1>\n\n\n\n<p class=\"has-medium-font-size\" style=\"margin-right:0;margin-left:0;padding-right:0px\">La compagnie qui aide les petites compagnies (PME) \u00e0 <em>former<\/em>, <em>sensibiliser <\/em>et <em>instruire<\/em>.<\/p>\n\n\n\n<p><\/p>\n\n\n\n<div class=\"wp-block-buttons is-content-justification-left is-layout-flex wp-container-core-buttons-is-layout-f5967fc7 wp-block-buttons-is-layout-flex\" style=\"margin-top:0;margin-bottom:0;padding-top:0;padding-right:0px;padding-bottom:0;padding-left:0px\">\n<div class=\"wp-block-button is-style-outline is-style-outline--1\"><a class=\"wp-block-button__link has-medium-font-size has-custom-font-size wp-element-button\" href=\"https:\/\/mroy.dectim.ca\/EnvProfTP2\/wordpress\/nos-services\/\">Voir nos services &gt;<\/a><\/div>\n<\/div>\n<\/div>\n<\/div><\/div>\n\n\n\n<p class=\"animated fadeIn\" style=\"margin-top:var(--wp--preset--spacing--60)\">Quad Studio est une compagnie bas\u00e9e \u00e0 Longueuil qui se sp\u00e9cialise dans le \u00ab&nbsp;<strong>business&nbsp;<\/strong>to<strong>&nbsp;business<\/strong>&nbsp;\u00bb. Nous offrons des services de d\u00e9veloppement de jeux aux petites compagnies, \u00e9coles, groupe de campagne de sensibilisation, etc.<\/p>\n\n\n\n<div class=\"wp-block-buttons animated fadeIn is-layout-flex wp-block-buttons-is-layout-flex\" style=\"padding-top:var(--wp--preset--spacing--40);padding-bottom:var(--wp--preset--spacing--40)\">\n<div class=\"wp-block-button\"><a class=\"wp-block-button__link wp-element-button\" href=\"https:\/\/mroy.dectim.ca\/EnvProfTP2\/wordpress\/a-propos\/\">En apprendre plus sur nous<\/a><\/div>\n<\/div>\n\n\n\n<div style=\"height:25px\" aria-hidden=\"true\" class=\"wp-block-spacer\"><\/div>\n\n\n\n<div class=\"wp-block-group has-medium-font-size is-nowrap is-layout-flex wp-container-core-group-is-layout-db72d2af wp-block-group-is-layout-flex\" style=\"border-style:none;border-width:0px;border-top-left-radius:0px;border-top-right-radius:0px;border-bottom-left-radius:0px;border-bottom-right-radius:0px;min-height:226px;margin-top:0;margin-bottom:0;padding-top:0;padding-right:0;padding-bottom:0;padding-left:0\">\n<div class=\"wp-block-cover animated fadeInLeft o-anim-custom-speed has-ast-global-color-0-color has-text-color has-link-color wp-elements-eeed78be7a80f0eb727c52ec0490c3ab wp-container-content-c9763a5f wp-duotone-unset-2\" style=\"border-top-left-radius:10px;border-top-right-radius:10px;border-bottom-left-radius:10px;border-bottom-right-radius:10px;padding-top:0;padding-bottom:0;min-height:376px;aspect-ratio:unset;\"><img loading=\"lazy\" decoding=\"async\" width=\"2560\" height=\"1707\" class=\"wp-block-cover__image-background wp-image-281 size-full\" alt=\"\" src=\"https:\/\/mroy.dectim.ca\/EnvProfTP2\/wordpress\/wp-content\/uploads\/2026\/02\/image-1-scaled.jpg\" style=\"object-position:17% 55%\" data-object-fit=\"cover\" data-object-position=\"17% 55%\" srcset=\"https:\/\/mroy.dectim.ca\/EnvProfTP2\/wordpress\/wp-content\/uploads\/2026\/02\/image-1-scaled.jpg 2560w, https:\/\/mroy.dectim.ca\/EnvProfTP2\/wordpress\/wp-content\/uploads\/2026\/02\/image-1-300x200.jpg 300w, https:\/\/mroy.dectim.ca\/EnvProfTP2\/wordpress\/wp-content\/uploads\/2026\/02\/image-1-1024x683.jpg 1024w, https:\/\/mroy.dectim.ca\/EnvProfTP2\/wordpress\/wp-content\/uploads\/2026\/02\/image-1-768x512.jpg 768w, https:\/\/mroy.dectim.ca\/EnvProfTP2\/wordpress\/wp-content\/uploads\/2026\/02\/image-1-1536x1024.jpg 1536w, https:\/\/mroy.dectim.ca\/EnvProfTP2\/wordpress\/wp-content\/uploads\/2026\/02\/image-1-2048x1365.jpg 2048w\" sizes=\"auto, (max-width: 2560px) 100vw, 2560px\" \/><span aria-hidden=\"true\" class=\"wp-block-cover__background has-background-dim\"><\/span><div class=\"wp-block-cover__inner-container is-layout-flow wp-container-core-cover-is-layout-92d440f1 wp-block-cover-is-layout-flow\">\n<p class=\"has-text-align-center nounderline has-large-font-size\"><a href=\"https:\/\/mroy.dectim.ca\/EnvProfTP2\/wordpress\/formation-de-sensibilisation\/\" data-type=\"page\" data-id=\"615\">Formation pour la sensibilisation<\/a><\/p>\n<\/div><\/div>\n\n\n\n<div class=\"wp-block-cover animated fadeInRight has-ast-global-color-0-color has-text-color has-link-color wp-elements-d52449554fc25650d6154b63c7e887f0 wp-container-content-c9763a5f\" style=\"border-top-left-radius:10px;border-top-right-radius:10px;border-bottom-left-radius:10px;border-bottom-right-radius:10px;min-height:376px;aspect-ratio:unset;\"><img loading=\"lazy\" decoding=\"async\" width=\"1024\" height=\"559\" class=\"wp-block-cover__image-background wp-image-280\" alt=\"\" src=\"https:\/\/mroy.dectim.ca\/EnvProfTP2\/wordpress\/wp-content\/uploads\/2026\/02\/SimulationMedecin-1-1-1024x559.png\" style=\"object-position:53% 65%\" data-object-fit=\"cover\" data-object-position=\"53% 65%\" srcset=\"https:\/\/mroy.dectim.ca\/EnvProfTP2\/wordpress\/wp-content\/uploads\/2026\/02\/SimulationMedecin-1-1-1024x559.png 1024w, https:\/\/mroy.dectim.ca\/EnvProfTP2\/wordpress\/wp-content\/uploads\/2026\/02\/SimulationMedecin-1-1-300x164.png 300w, https:\/\/mroy.dectim.ca\/EnvProfTP2\/wordpress\/wp-content\/uploads\/2026\/02\/SimulationMedecin-1-1-768x419.png 768w, https:\/\/mroy.dectim.ca\/EnvProfTP2\/wordpress\/wp-content\/uploads\/2026\/02\/SimulationMedecin-1-1-1536x838.png 1536w, https:\/\/mroy.dectim.ca\/EnvProfTP2\/wordpress\/wp-content\/uploads\/2026\/02\/SimulationMedecin-1-1-2048x1117.png 2048w\" sizes=\"auto, (max-width: 1024px) 100vw, 1024px\" \/><span aria-hidden=\"true\" class=\"wp-block-cover__background has-background-dim\"><\/span><div class=\"wp-block-cover__inner-container is-layout-flow wp-container-core-cover-is-layout-8a368f38 wp-block-cover-is-layout-flow\">\n<p class=\"has-text-align-center nounderline has-large-font-size\" style=\"padding-right:var(--wp--preset--spacing--60);padding-left:var(--wp--preset--spacing--60)\"><a href=\"https:\/\/mroy.dectim.ca\/EnvProfTP2\/wordpress\/formation-de-travail\/\" data-type=\"page\" data-id=\"470\">Formation pour le travail<\/a><\/p>\n<\/div><\/div>\n<\/div>\n\n\n\n<div style=\"height:40px\" aria-hidden=\"true\" class=\"wp-block-spacer\"><\/div>\n\n\n\n<div class=\"wp-block-buttons is-layout-flex wp-block-buttons-is-layout-flex\" style=\"margin-top:0px;margin-bottom:0px\">\n<div class=\"wp-block-button\"><a class=\"wp-block-button__link wp-element-button\" href=\"https:\/\/mroy.dectim.ca\/EnvProfTP2\/wordpress\/portfolio\/\">Nos portfolio<\/a><\/div>\n<\/div>\n\n\n\n<div style=\"height:100px\" aria-hidden=\"true\" class=\"wp-block-spacer\"><\/div>\n","protected":false},"excerpt":{"rendered":"<p>Quad Studio est une compagnie bas\u00e9e \u00e0 Longueuil qui se sp\u00e9cialise dans le \u00ab&nbsp;business&nbsp;to&nbsp;business&nbsp;\u00bb. Nous offrons des services de d\u00e9veloppement de jeux aux petites compagnies, \u00e9coles, groupe de campagne de sensibilisation, etc.<\/p>\n","protected":false},"author":1,"featured_media":0,"parent":0,"menu_order":0,"comment_status":"closed","ping_status":"closed","template":"","meta":{"site-sidebar-layout":"default","site-content-layout":"","ast-site-content-layout":"default","site-content-style":"default","site-sidebar-style":"default","ast-global-header-display":"","ast-banner-title-visibility":"","ast-main-header-display":"","ast-hfb-above-header-display":"","ast-hfb-below-header-display":"","ast-hfb-mobile-header-display":"","site-post-title":"disabled","ast-breadcrumbs-content":"","ast-featured-img":"","footer-sml-layout":"","ast-disable-related-posts":"","theme-transparent-header-meta":"","adv-header-id-meta":"","stick-header-meta":"","header-above-stick-meta":"","header-main-stick-meta":"","header-below-stick-meta":"","astra-migrate-meta-layouts":"default","ast-page-background-enabled":"default","ast-page-background-meta":{"desktop":{"background-color":"var(--ast-global-color-5)","background-image":"","background-repeat":"repeat","background-position":"center center","background-size":"auto","background-attachment":"scroll","background-type":"","background-media":"","overlay-type":"","overlay-color":"","overlay-opacity":"","overlay-gradient":""},"tablet":{"background-color":"","background-image":"","background-repeat":"repeat","background-position":"center center","background-size":"auto","background-attachment":"scroll","background-type":"","background-media":"","overlay-type":"","overlay-color":"","overlay-opacity":"","overlay-gradient":""},"mobile":{"background-color":"","background-image":"","background-repeat":"repeat","background-position":"center center","background-size":"auto","background-attachment":"scroll","background-type":"","background-media":"","overlay-type":"","overlay-color":"","overlay-opacity":"","overlay-gradient":""}},"ast-content-background-meta":{"desktop":{"background-color":"var(--ast-global-color-4)","background-image":"","background-repeat":"repeat","background-position":"center center","background-size":"auto","background-attachment":"scroll","background-type":"","background-media":"","overlay-type":"","overlay-color":"","overlay-opacity":"","overlay-gradient":""},"tablet":{"background-color":"var(--ast-global-color-4)","background-image":"","background-repeat":"repeat","background-position":"center center","background-size":"auto","background-attachment":"scroll","background-type":"","background-media":"","overlay-type":"","overlay-color":"","overlay-opacity":"","overlay-gradient":""},"mobile":{"background-color":"var(--ast-global-color-4)","background-image":"","background-repeat":"repeat","background-position":"center center","background-size":"auto","background-attachment":"scroll","background-type":"","background-media":"","overlay-type":"","overlay-color":"","overlay-opacity":"","overlay-gradient":""}},"footnotes":""},"class_list":["post-11","page","type-page","status-publish","hentry"],"_links":{"self":[{"href":"https:\/\/mroy.dectim.ca\/EnvProfTP2\/wordpress\/wp-json\/wp\/v2\/pages\/11","targetHints":{"allow":["GET"]}}],"collection":[{"href":"https:\/\/mroy.dectim.ca\/EnvProfTP2\/wordpress\/wp-json\/wp\/v2\/pages"}],"about":[{"href":"https:\/\/mroy.dectim.ca\/EnvProfTP2\/wordpress\/wp-json\/wp\/v2\/types\/page"}],"author":[{"embeddable":true,"href":"https:\/\/mroy.dectim.ca\/EnvProfTP2\/wordpress\/wp-json\/wp\/v2\/users\/1"}],"replies":[{"embeddable":true,"href":"https:\/\/mroy.dectim.ca\/EnvProfTP2\/wordpress\/wp-json\/wp\/v2\/comments?post=11"}],"version-history":[{"count":80,"href":"https:\/\/mroy.dectim.ca\/EnvProfTP2\/wordpress\/wp-json\/wp\/v2\/pages\/11\/revisions"}],"predecessor-version":[{"id":1472,"href":"https:\/\/mroy.dectim.ca\/EnvProfTP2\/wordpress\/wp-json\/wp\/v2\/pages\/11\/revisions\/1472"}],"wp:attachment":[{"href":"https:\/\/mroy.dectim.ca\/EnvProfTP2\/wordpress\/wp-json\/wp\/v2\/media?parent=11"}],"curies":[{"name":"wp","href":"https:\/\/api.w.org\/{rel}","templated":true}]}}