{"id":1238,"date":"2026-04-20T16:29:59","date_gmt":"2026-04-20T20:29:59","guid":{"rendered":"https:\/\/mroy.dectim.ca\/EnvProfTP2\/wordpress\/?page_id=1238"},"modified":"2026-05-05T11:08:58","modified_gmt":"2026-05-05T15:08:58","slug":"voix-du-chaos","status":"publish","type":"page","link":"https:\/\/mroy.dectim.ca\/EnvProfTP2\/wordpress\/voix-du-chaos\/","title":{"rendered":"Voix du Chaos"},"content":{"rendered":"\n<div class=\"wp-block-cover alignfull is-light has-custom-content-position is-position-bottom-center chaos\" style=\"margin-top:0;margin-bottom:0;padding-top:var(--wp--preset--spacing--70);padding-right:var(--wp--preset--spacing--50);padding-bottom:var(--wp--preset--spacing--70);padding-left:var(--wp--preset--spacing--50);min-height:430px;aspect-ratio:unset;\"><img loading=\"lazy\" decoding=\"async\" width=\"1920\" height=\"500\" class=\"wp-block-cover__image-background wp-image-510 size-full\" alt=\"\" src=\"http:\/\/mroy.dectim.ca\/EnvProfTP2\/wordpress\/wp-content\/uploads\/2026\/03\/image_2026-03-19_162457295.png\" data-object-fit=\"cover\" srcset=\"https:\/\/mroy.dectim.ca\/EnvProfTP2\/wordpress\/wp-content\/uploads\/2026\/03\/image_2026-03-19_162457295.png 1920w, https:\/\/mroy.dectim.ca\/EnvProfTP2\/wordpress\/wp-content\/uploads\/2026\/03\/image_2026-03-19_162457295-300x78.png 300w, https:\/\/mroy.dectim.ca\/EnvProfTP2\/wordpress\/wp-content\/uploads\/2026\/03\/image_2026-03-19_162457295-1024x267.png 1024w, https:\/\/mroy.dectim.ca\/EnvProfTP2\/wordpress\/wp-content\/uploads\/2026\/03\/image_2026-03-19_162457295-768x200.png 768w, https:\/\/mroy.dectim.ca\/EnvProfTP2\/wordpress\/wp-content\/uploads\/2026\/03\/image_2026-03-19_162457295-1536x400.png 1536w\" sizes=\"auto, (max-width: 1920px) 100vw, 1920px\" \/><span aria-hidden=\"true\" class=\"wp-block-cover__background has-background-dim-60 has-background-dim\" style=\"background-color:#908e61\"><\/span><div class=\"wp-block-cover__inner-container is-layout-constrained wp-container-core-cover-is-layout-d4b13a1d wp-block-cover-is-layout-constrained\">\n<div class=\"wp-block-group .heroportfolio is-horizontal is-content-justification-space-between is-nowrap is-layout-flex wp-container-core-group-is-layout-d5bb4a19 wp-block-group-is-layout-flex\" style=\"margin-top:0;margin-bottom:0;padding-right:var(--wp--preset--spacing--20);padding-left:var(--wp--preset--spacing--20)\">\n<div class=\"wp-block-group is-vertical is-layout-flex wp-container-core-group-is-layout-b1a9a1e8 wp-block-group-is-layout-flex\" style=\"min-height:0px;margin-top:0;margin-bottom:0;padding-right:0;padding-left:0\">\n<h1 class=\"wp-block-heading has-ast-global-color-5-color has-text-color has-link-color wp-elements-3fd5747b0f83f1da387d1f577440b350\">Voix Du Chaos<\/h1>\n\n\n\n<h4 class=\"wp-block-heading has-ast-global-color-0-color has-text-color has-link-color has-medium-font-size wp-elements-013ae04a32aa409b933c8ae310ae8209\">Yan Ma Hive Dung<\/h4>\n<\/div>\n\n\n\n<div class=\"wp-block-group is-content-justification-space-between is-nowrap is-layout-flex wp-container-core-group-is-layout-b7611b98 wp-block-group-is-layout-flex\" style=\"min-height:0px;margin-top:0;margin-bottom:0;padding-right:0;padding-left:0\">\n<figure class=\"wp-block-image size-full wp-container-content-759e20a8\"><img loading=\"lazy\" decoding=\"async\" width=\"512\" height=\"512\" src=\"https:\/\/mroy.dectim.ca\/EnvProfTP2\/wordpress\/wp-content\/uploads\/2026\/04\/unity-game-engine-icon.webp\" alt=\"\" class=\"wp-image-1051\" srcset=\"https:\/\/mroy.dectim.ca\/EnvProfTP2\/wordpress\/wp-content\/uploads\/2026\/04\/unity-game-engine-icon.webp 512w, https:\/\/mroy.dectim.ca\/EnvProfTP2\/wordpress\/wp-content\/uploads\/2026\/04\/unity-game-engine-icon-300x300.webp 300w, https:\/\/mroy.dectim.ca\/EnvProfTP2\/wordpress\/wp-content\/uploads\/2026\/04\/unity-game-engine-icon-150x150.webp 150w\" sizes=\"auto, (max-width: 512px) 100vw, 512px\" \/><\/figure>\n\n\n\n<figure class=\"wp-block-image size-full touchdesigner wp-container-content-759e20a8\"><img loading=\"lazy\" decoding=\"async\" width=\"183\" height=\"183\" src=\"https:\/\/mroy.dectim.ca\/EnvProfTP2\/wordpress\/wp-content\/uploads\/2026\/05\/Touchdesigner-1.png\" alt=\"\" class=\"wp-image-1537\" srcset=\"https:\/\/mroy.dectim.ca\/EnvProfTP2\/wordpress\/wp-content\/uploads\/2026\/05\/Touchdesigner-1.png 183w, https:\/\/mroy.dectim.ca\/EnvProfTP2\/wordpress\/wp-content\/uploads\/2026\/05\/Touchdesigner-1-150x150.png 150w\" sizes=\"auto, (max-width: 183px) 100vw, 183px\" \/><\/figure>\n\n\n\n<figure class=\"wp-block-image size-full wp-container-content-759e20a8\"><img loading=\"lazy\" decoding=\"async\" width=\"197\" height=\"197\" src=\"https:\/\/mroy.dectim.ca\/EnvProfTP2\/wordpress\/wp-content\/uploads\/2026\/05\/Reaper-1.png\" alt=\"\" class=\"wp-image-1538\" srcset=\"https:\/\/mroy.dectim.ca\/EnvProfTP2\/wordpress\/wp-content\/uploads\/2026\/05\/Reaper-1.png 197w, https:\/\/mroy.dectim.ca\/EnvProfTP2\/wordpress\/wp-content\/uploads\/2026\/05\/Reaper-1-150x150.png 150w\" sizes=\"auto, (max-width: 197px) 100vw, 197px\" \/><\/figure>\n\n\n\n<figure class=\"wp-block-image size-full wp-container-content-759e20a8\"><img loading=\"lazy\" decoding=\"async\" width=\"2560\" height=\"2093\" src=\"http:\/\/mroy.dectim.ca\/EnvProfTP2\/wordpress\/wp-content\/uploads\/2026\/04\/Blender_logo_no_text.svg_-scaled.png\" alt=\"\" class=\"wp-image-1042\" srcset=\"https:\/\/mroy.dectim.ca\/EnvProfTP2\/wordpress\/wp-content\/uploads\/2026\/04\/Blender_logo_no_text.svg_-scaled.png 2560w, https:\/\/mroy.dectim.ca\/EnvProfTP2\/wordpress\/wp-content\/uploads\/2026\/04\/Blender_logo_no_text.svg_-300x245.png 300w, https:\/\/mroy.dectim.ca\/EnvProfTP2\/wordpress\/wp-content\/uploads\/2026\/04\/Blender_logo_no_text.svg_-1024x837.png 1024w, https:\/\/mroy.dectim.ca\/EnvProfTP2\/wordpress\/wp-content\/uploads\/2026\/04\/Blender_logo_no_text.svg_-768x628.png 768w, https:\/\/mroy.dectim.ca\/EnvProfTP2\/wordpress\/wp-content\/uploads\/2026\/04\/Blender_logo_no_text.svg_-1536x1256.png 1536w, https:\/\/mroy.dectim.ca\/EnvProfTP2\/wordpress\/wp-content\/uploads\/2026\/04\/Blender_logo_no_text.svg_-2048x1675.png 2048w\" sizes=\"auto, (max-width: 2560px) 100vw, 2560px\" \/><\/figure>\n<\/div>\n<\/div>\n<\/div><\/div>\n\n\n\n<p><\/p>\n\n\n\n<div class=\"wp-block-group is-content-justification-left is-nowrap is-layout-flex wp-container-core-group-is-layout-822d81a0 wp-block-group-is-layout-flex\" style=\"padding-top:var(--wp--preset--spacing--50);padding-right:0;padding-bottom:var(--wp--preset--spacing--50);padding-left:0\">\n<div class=\"wp-block-group is-layout-constrained wp-block-group-is-layout-constrained\">\n<h2 class=\"wp-block-heading\">Contexte du projet<\/h2>\n\n\n\n<p>Ce projet a \u00e9t\u00e9 r\u00e9alis\u00e9 dans le contexte de l&rsquo;\u00e9v\u00e9nement de <strong>Chaos M\u00e9dia<\/strong> dans le cours de <strong>production interactive<\/strong>. Cr\u00e9er avec les logiciels <strong>Unity<\/strong> comme pour la cr\u00e9ation du jeu, pour les animation VFX et 3D, <strong>Blender<\/strong> pour la cr\u00e9ation des mod\u00e8les 3D, <strong>TouchDesigner<\/strong> pour la programmation et <strong>Reaper<\/strong> pour les effets sonores et la musique.<\/p>\n<\/div>\n\n\n\n<div class=\"wp-block-group is-layout-constrained wp-block-group-is-layout-constrained\">\n<h2 class=\"wp-block-heading\">Notre contribution<\/h2>\n\n\n\n<ul class=\"wp-block-list\">\n<li><strong>Yan Ma Hive Dung<\/strong> : Animation, les effets sonores et mod\u00e9lisation 3D<\/li>\n\n\n\n<li><strong>F\u00e9lix Lapointe <\/strong>: gestion GitHub, du son et du montage vid\u00e9o<\/li>\n\n\n\n<li><strong>Dominique Viens <\/strong>: la gestion , la programmation et du d\u00e9cor<\/li>\n\n\n\n<li><strong>Antoine Denis<\/strong> : programmation et gestion<\/li>\n\n\n\n<li><strong>Antoine Daoust<\/strong> : la sc\u00e9nographie et des achats.<\/li>\n\n\n\n<li><strong>Anna-Lissa Laroche <\/strong>: mod\u00e9lisation 3D et de la cr\u00e9ation du monde 3D.<\/li>\n<\/ul>\n<\/div>\n<\/div>\n\n\n\n<div style=\"height:50px\" aria-hidden=\"true\" class=\"wp-block-spacer\"><\/div>\n\n\n\n<div class=\"wp-block-group alignfull has-background is-layout-constrained wp-block-group-is-layout-constrained\" style=\"background-color:#ffd4c5;padding-top:var(--wp--preset--spacing--80);padding-bottom:var(--wp--preset--spacing--80)\">\n<div class=\"wp-block-group is-layout-grid wp-container-core-group-is-layout-ae18d952 wp-block-group-is-layout-grid\" style=\"min-height:0px;margin-top:var(--wp--preset--spacing--40);margin-bottom:var(--wp--preset--spacing--40);padding-top:0;padding-right:0;padding-bottom:0;padding-left:0\">\n<div class=\"wp-block-group is-layout-constrained wp-block-group-is-layout-constrained\">\n<div class=\"wp-block-group is-nowrap is-layout-flex wp-container-core-group-is-layout-8f32cfaa wp-block-group-is-layout-flex\" style=\"padding-top:0;padding-right:0;padding-bottom:0;padding-left:0\">\n<h1 class=\"wp-block-heading has-text-align-left has-border-color has-ast-global-color-0-background-color has-background has-large-font-size wp-container-content-1dabbf03\" style=\"border-color:var(--ast-global-color-8);border-style:solid;border-width:4px;border-top-left-radius:100px;border-top-right-radius:100px;border-bottom-left-radius:100px;border-bottom-right-radius:100px;margin-top:0;margin-left:0;padding-top:0;padding-right:var(--wp--preset--spacing--30);padding-bottom:0;padding-left:var(--wp--preset--spacing--30)\">1<\/h1>\n\n\n\n<h3 class=\"wp-block-heading\">Mod\u00e9lisation<\/h3>\n<\/div>\n\n\n\n<p>Cr\u00e9er le mod\u00e8le 3d VFX dans blender . Utiliser le cylindre comme forme de base. Ensuite, il faut aller en mode \u00e9dition et agrandir les cercles du cylindre. Par la suite, il faut couper le cylindre en plusieur morceau et ajuster  de gauche \u00e0 droite chaque coupure. Enfin, il faut le mettre sur Unity.<\/p>\n<\/div>\n\n\n\n<figure class=\"wp-block-image size-full has-custom-border is-style-default\"><img loading=\"lazy\" decoding=\"async\" width=\"2044\" height=\"1110\" src=\"http:\/\/mroy.dectim.ca\/EnvProfTP2\/wordpress\/wp-content\/uploads\/2026\/03\/CMEtape1-e1777218347169.png\" alt=\"\" class=\"has-border-color has-ast-global-color-8-border-color wp-image-603\" style=\"border-width:4px;border-top-left-radius:21px;border-top-right-radius:21px;border-bottom-left-radius:21px;border-bottom-right-radius:21px;aspect-ratio:3\/2;object-fit:cover\" srcset=\"https:\/\/mroy.dectim.ca\/EnvProfTP2\/wordpress\/wp-content\/uploads\/2026\/03\/CMEtape1-e1777218347169.png 2044w, https:\/\/mroy.dectim.ca\/EnvProfTP2\/wordpress\/wp-content\/uploads\/2026\/03\/CMEtape1-e1777218347169-300x163.png 300w, https:\/\/mroy.dectim.ca\/EnvProfTP2\/wordpress\/wp-content\/uploads\/2026\/03\/CMEtape1-e1777218347169-1024x556.png 1024w, https:\/\/mroy.dectim.ca\/EnvProfTP2\/wordpress\/wp-content\/uploads\/2026\/03\/CMEtape1-e1777218347169-768x417.png 768w, https:\/\/mroy.dectim.ca\/EnvProfTP2\/wordpress\/wp-content\/uploads\/2026\/03\/CMEtape1-e1777218347169-1536x834.png 1536w\" sizes=\"auto, (max-width: 2044px) 100vw, 2044px\" \/><\/figure>\n<\/div>\n\n\n\n<div style=\"height:40px\" aria-hidden=\"true\" class=\"wp-block-spacer\"><\/div>\n\n\n\n<div class=\"wp-block-group is-layout-grid wp-container-core-group-is-layout-031b3ea4 wp-block-group-is-layout-grid\" style=\"margin-top:0;margin-bottom:0;padding-top:0;padding-right:0;padding-bottom:0;padding-left:0\">\n<figure class=\"wp-block-image size-large has-custom-border\"><img loading=\"lazy\" decoding=\"async\" width=\"1024\" height=\"558\" src=\"http:\/\/mroy.dectim.ca\/EnvProfTP2\/wordpress\/wp-content\/uploads\/2026\/03\/CMEtape2-1024x558.png\" alt=\"\" class=\"has-border-color wp-image-604\" style=\"border-color:var(--ast-global-color-8);border-width:4px;border-top-left-radius:21px;border-top-right-radius:21px;border-bottom-left-radius:21px;border-bottom-right-radius:21px\" srcset=\"https:\/\/mroy.dectim.ca\/EnvProfTP2\/wordpress\/wp-content\/uploads\/2026\/03\/CMEtape2-1024x558.png 1024w, https:\/\/mroy.dectim.ca\/EnvProfTP2\/wordpress\/wp-content\/uploads\/2026\/03\/CMEtape2-300x163.png 300w, https:\/\/mroy.dectim.ca\/EnvProfTP2\/wordpress\/wp-content\/uploads\/2026\/03\/CMEtape2-768x418.png 768w, https:\/\/mroy.dectim.ca\/EnvProfTP2\/wordpress\/wp-content\/uploads\/2026\/03\/CMEtape2-1536x837.png 1536w, https:\/\/mroy.dectim.ca\/EnvProfTP2\/wordpress\/wp-content\/uploads\/2026\/03\/CMEtape2-2048x1116.png 2048w\" sizes=\"auto, (max-width: 1024px) 100vw, 1024px\" \/><\/figure>\n\n\n\n<div class=\"wp-block-group is-content-justification-center is-layout-constrained wp-block-group-is-layout-constrained\">\n<div class=\"wp-block-group is-nowrap is-layout-flex wp-container-core-group-is-layout-8f32cfaa wp-block-group-is-layout-flex\" style=\"padding-top:0;padding-right:0;padding-bottom:0;padding-left:0\">\n<h3 class=\"wp-block-heading has-text-align-left has-border-color has-ast-global-color-0-background-color has-background has-large-font-size wp-container-content-1dabbf03\" style=\"border-color:var(--ast-global-color-8);border-style:solid;border-width:4px;border-top-left-radius:100px;border-top-right-radius:100px;border-bottom-left-radius:100px;border-bottom-right-radius:100px;margin-top:0;margin-left:0;padding-top:0;padding-right:var(--wp--preset--spacing--30);padding-bottom:0;padding-left:var(--wp--preset--spacing--30)\">2<\/h3>\n\n\n\n<h3 class=\"wp-block-heading\">VFX<\/h3>\n<\/div>\n\n\n\n<p>Cr\u00e9er le VFX dans Unity pour cr\u00e9er les particules. Utiliser le Single Burst pour l&rsquo;apparition de la tornade. Mettre un Output Particle Mesh pour mettre le mod\u00e8le 3D \u00e0 l&rsquo;int\u00e9rieur. Mettre un temps de vie pour ajuster la dur\u00e9e de vie de la tornade lorsqu&rsquo;il est lanc\u00e9 le sort.<\/p>\n<\/div>\n<\/div>\n\n\n\n<div style=\"height:40px\" aria-hidden=\"true\" class=\"wp-block-spacer\"><\/div>\n\n\n\n<div class=\"wp-block-group is-layout-grid wp-container-core-group-is-layout-031b3ea4 wp-block-group-is-layout-grid\" style=\"margin-top:0;margin-bottom:0;padding-top:0;padding-right:0;padding-bottom:0;padding-left:0\">\n<div class=\"wp-block-group is-content-justification-center is-layout-constrained wp-block-group-is-layout-constrained\">\n<div class=\"wp-block-group is-nowrap is-layout-flex wp-container-core-group-is-layout-8f32cfaa wp-block-group-is-layout-flex\" style=\"padding-top:0;padding-right:0;padding-bottom:0;padding-left:0\">\n<h3 class=\"wp-block-heading has-text-align-left has-border-color has-ast-global-color-0-background-color has-background has-large-font-size wp-container-content-1dabbf03\" style=\"border-color:var(--ast-global-color-8);border-style:solid;border-width:4px;border-top-left-radius:100px;border-top-right-radius:100px;border-bottom-left-radius:100px;border-bottom-right-radius:100px;margin-top:0;margin-left:0;padding-top:0;padding-right:var(--wp--preset--spacing--30);padding-bottom:0;padding-left:var(--wp--preset--spacing--30)\">3<\/h3>\n\n\n\n<h3 class=\"wp-block-heading\">Cr\u00e9er le Shader Graph<\/h3>\n<\/div>\n\n\n\n<p>Cr\u00e9er le Shader Graph pour animer le vfx. Mettre le Active Target sur Universal et le materiel Unlit. Pour cr\u00e9er l&rsquo;animation, il faut cr\u00e9er les Nodes suivants: Simple Noise, Radial Sear, Multiply, Time. Le Time fait en sorte qu&rsquo;il puisse tourner la tornade en connectant sur le Center du radial Shear et en le connectant  sur le Simple Noise.<\/p>\n<\/div>\n\n\n\n<figure class=\"wp-block-image size-large has-custom-border\"><img loading=\"lazy\" decoding=\"async\" width=\"1024\" height=\"556\" src=\"http:\/\/mroy.dectim.ca\/EnvProfTP2\/wordpress\/wp-content\/uploads\/2026\/03\/CMEtape3-1024x556.png\" alt=\"\" class=\"has-border-color has-ast-global-color-8-border-color wp-image-605\" style=\"border-width:4px;border-top-left-radius:21px;border-top-right-radius:21px;border-bottom-left-radius:21px;border-bottom-right-radius:21px\" srcset=\"https:\/\/mroy.dectim.ca\/EnvProfTP2\/wordpress\/wp-content\/uploads\/2026\/03\/CMEtape3-1024x556.png 1024w, https:\/\/mroy.dectim.ca\/EnvProfTP2\/wordpress\/wp-content\/uploads\/2026\/03\/CMEtape3-300x163.png 300w, https:\/\/mroy.dectim.ca\/EnvProfTP2\/wordpress\/wp-content\/uploads\/2026\/03\/CMEtape3-768x417.png 768w, https:\/\/mroy.dectim.ca\/EnvProfTP2\/wordpress\/wp-content\/uploads\/2026\/03\/CMEtape3-1536x833.png 1536w, https:\/\/mroy.dectim.ca\/EnvProfTP2\/wordpress\/wp-content\/uploads\/2026\/03\/CMEtape3-2048x1111.png 2048w\" sizes=\"auto, (max-width: 1024px) 100vw, 1024px\" \/><\/figure>\n<\/div>\n\n\n\n<div style=\"height:40px\" aria-hidden=\"true\" class=\"wp-block-spacer\"><\/div>\n\n\n\n<div class=\"wp-block-group is-layout-grid wp-container-core-group-is-layout-3caa206c wp-block-group-is-layout-grid\" style=\"margin-top:0;margin-bottom:0;padding-top:0;padding-right:0;padding-bottom:0;padding-left:0\">\n<figure class=\"wp-block-image size-full has-custom-border\"><img loading=\"lazy\" decoding=\"async\" width=\"2560\" height=\"1390\" src=\"http:\/\/mroy.dectim.ca\/EnvProfTP2\/wordpress\/wp-content\/uploads\/2026\/03\/CMEtape4.png\" alt=\"\" class=\"has-border-color wp-image-606\" style=\"border-color:var(--ast-global-color-8);border-width:4px;border-top-left-radius:21px;border-top-right-radius:21px;border-bottom-left-radius:21px;border-bottom-right-radius:21px\" srcset=\"https:\/\/mroy.dectim.ca\/EnvProfTP2\/wordpress\/wp-content\/uploads\/2026\/03\/CMEtape4.png 2560w, https:\/\/mroy.dectim.ca\/EnvProfTP2\/wordpress\/wp-content\/uploads\/2026\/03\/CMEtape4-300x163.png 300w, https:\/\/mroy.dectim.ca\/EnvProfTP2\/wordpress\/wp-content\/uploads\/2026\/03\/CMEtape4-1024x556.png 1024w, https:\/\/mroy.dectim.ca\/EnvProfTP2\/wordpress\/wp-content\/uploads\/2026\/03\/CMEtape4-768x417.png 768w, https:\/\/mroy.dectim.ca\/EnvProfTP2\/wordpress\/wp-content\/uploads\/2026\/03\/CMEtape4-1536x834.png 1536w, https:\/\/mroy.dectim.ca\/EnvProfTP2\/wordpress\/wp-content\/uploads\/2026\/03\/CMEtape4-2048x1112.png 2048w\" sizes=\"auto, (max-width: 2560px) 100vw, 2560px\" \/><\/figure>\n\n\n\n<div class=\"wp-block-group is-layout-constrained wp-block-group-is-layout-constrained\">\n<div class=\"wp-block-group is-nowrap is-layout-flex wp-container-core-group-is-layout-8f32cfaa wp-block-group-is-layout-flex\" style=\"padding-top:0;padding-right:0;padding-bottom:0;padding-left:0\">\n<h3 class=\"wp-block-heading has-text-align-left has-border-color has-ast-global-color-0-background-color has-background has-large-font-size wp-container-content-1dabbf03\" style=\"border-color:var(--ast-global-color-8);border-style:solid;border-width:4px;border-top-left-radius:100px;border-top-right-radius:100px;border-bottom-left-radius:100px;border-bottom-right-radius:100px;margin-top:0;margin-left:0;padding-top:0;padding-right:var(--wp--preset--spacing--30);padding-bottom:0;padding-left:var(--wp--preset--spacing--30)\">4<\/h3>\n\n\n\n<h3 class=\"wp-block-heading\">Sons<\/h3>\n<\/div>\n\n\n\n<p>Cr\u00e9er le son dans reaper pour les effets sonores. T\u00e9l\u00e9charger des effets sonores libres de droits sur des sites comme Pixabay. Ajuster le niveau de volume pour ne pas d\u00e9truire les oreilles des utilisateurs. Exporter les effets sonores pour les int\u00e9grer dans Unity.<\/p>\n<\/div>\n<\/div>\n\n\n\n<div style=\"height:40px\" aria-hidden=\"true\" class=\"wp-block-spacer\"><\/div>\n\n\n\n<div class=\"wp-block-group is-layout-grid wp-container-core-group-is-layout-3caa206c wp-block-group-is-layout-grid\" style=\"margin-top:0;margin-bottom:0;padding-top:0;padding-right:0;padding-bottom:0;padding-left:0\">\n<div class=\"wp-block-group is-layout-constrained wp-block-group-is-layout-constrained\">\n<div class=\"wp-block-group is-nowrap is-layout-flex wp-container-core-group-is-layout-8f32cfaa wp-block-group-is-layout-flex\" style=\"padding-top:0;padding-right:0;padding-bottom:0;padding-left:0\">\n<h3 class=\"wp-block-heading has-text-align-left has-border-color has-ast-global-color-0-background-color has-background has-large-font-size wp-container-content-1dabbf03\" style=\"border-color:var(--ast-global-color-8);border-style:solid;border-width:4px;border-top-left-radius:100px;border-top-right-radius:100px;border-bottom-left-radius:100px;border-bottom-right-radius:100px;margin-top:0;margin-left:0;padding-top:0;padding-right:var(--wp--preset--spacing--30);padding-bottom:0;padding-left:var(--wp--preset--spacing--30)\">5<\/h3>\n\n\n\n<h3 class=\"wp-block-heading\">R\u00e9sultat final (Sort Tornade d&rsquo;eau)<\/h3>\n<\/div>\n\n\n\n<p>R\u00e9sultat de la tornade d&rsquo;eau. Attention, il y a un certain risque que le mod\u00e8le 3D n&rsquo;appraise pas \u00e0 cause de la version blender de chacun des ordinateurs. Il faut donc l&rsquo;exporter le mod\u00e8le 3D en FBX. <\/p>\n<\/div>\n\n\n\n<figure class=\"wp-block-image size-full has-custom-border\"><img loading=\"lazy\" decoding=\"async\" width=\"1126\" height=\"698\" src=\"http:\/\/mroy.dectim.ca\/EnvProfTP2\/wordpress\/wp-content\/uploads\/2026\/03\/CMResultatFinal.png\" alt=\"\" class=\"has-border-color wp-image-607\" style=\"border-color:var(--ast-global-color-8);border-width:4px;border-top-left-radius:21px;border-top-right-radius:21px;border-bottom-left-radius:21px;border-bottom-right-radius:21px\" srcset=\"https:\/\/mroy.dectim.ca\/EnvProfTP2\/wordpress\/wp-content\/uploads\/2026\/03\/CMResultatFinal.png 1126w, https:\/\/mroy.dectim.ca\/EnvProfTP2\/wordpress\/wp-content\/uploads\/2026\/03\/CMResultatFinal-300x186.png 300w, https:\/\/mroy.dectim.ca\/EnvProfTP2\/wordpress\/wp-content\/uploads\/2026\/03\/CMResultatFinal-1024x635.png 1024w, https:\/\/mroy.dectim.ca\/EnvProfTP2\/wordpress\/wp-content\/uploads\/2026\/03\/CMResultatFinal-768x476.png 768w\" sizes=\"auto, (max-width: 1126px) 100vw, 1126px\" \/><\/figure>\n<\/div>\n<\/div>\n\n\n\n<div class=\"wp-block-group is-content-justification-center is-layout-constrained wp-block-group-is-layout-constrained\" style=\"padding-top:var(--wp--preset--spacing--70);padding-bottom:var(--wp--preset--spacing--70)\">\n<div class=\"wp-block-group is-content-justification-left is-layout-constrained wp-container-core-group-is-layout-12dd3699 wp-block-group-is-layout-constrained\">\n<h2 class=\"wp-block-heading\">D\u00e9fis rencontr\u00e9s<\/h2>\n\n\n\n<p>Il fallait que j&rsquo;apprenne de moi-m\u00eame le <strong>VFX <\/strong>et les <strong>shader <\/strong>graph depuis YouTube parce que des fois \u00e7a ne marche pas et les versions de Unity des tutoriels n&rsquo;\u00e9taient pas \u00e0 jour.<\/p>\n<\/div>\n<\/div>\n\n\n\n<div class=\"wp-block-group alignfull has-background is-layout-constrained wp-block-group-is-layout-constrained\" style=\"background-color:#ffd4c5;padding-top:var(--wp--preset--spacing--80);padding-bottom:var(--wp--preset--spacing--80)\">\n<h2 class=\"wp-block-heading\">Rendu final<\/h2>\n\n\n\n<figure class=\"wp-block-embed is-type-video is-provider-youtube wp-block-embed-youtube wp-embed-aspect-16-9 wp-has-aspect-ratio\"><div class=\"wp-block-embed__wrapper\">\n<iframe loading=\"lazy\" title=\"Voix du chaos\" width=\"500\" height=\"281\" src=\"https:\/\/www.youtube.com\/embed\/ekEwTRubFJE?feature=oembed\" frameborder=\"0\" allow=\"accelerometer; autoplay; clipboard-write; encrypted-media; gyroscope; picture-in-picture; web-share\" referrerpolicy=\"strict-origin-when-cross-origin\" allowfullscreen><\/iframe>\n<\/div><\/figure>\n<\/div>\n","protected":false},"excerpt":{"rendered":"<p>Contexte du projet Ce projet a \u00e9t\u00e9 r\u00e9alis\u00e9 dans le contexte de l&rsquo;\u00e9v\u00e9nement de Chaos M\u00e9dia dans le cours de production interactive. Cr\u00e9er avec les logiciels Unity comme pour la cr\u00e9ation du jeu, pour les animation VFX et 3D, Blender pour la cr\u00e9ation des mod\u00e8les 3D, TouchDesigner pour la programmation et Reaper pour les effets [&hellip;]<\/p>\n","protected":false},"author":4,"featured_media":0,"parent":0,"menu_order":0,"comment_status":"closed","ping_status":"closed","template":"","meta":{"site-sidebar-layout":"default","site-content-layout":"","ast-site-content-layout":"default","site-content-style":"default","site-sidebar-style":"default","ast-global-header-display":"","ast-banner-title-visibility":"","ast-main-header-display":"","ast-hfb-above-header-display":"","ast-hfb-below-header-display":"","ast-hfb-mobile-header-display":"","site-post-title":"disabled","ast-breadcrumbs-content":"","ast-featured-img":"","footer-sml-layout":"","ast-disable-related-posts":"","theme-transparent-header-meta":"","adv-header-id-meta":"","stick-header-meta":"","header-above-stick-meta":"","header-main-stick-meta":"","header-below-stick-meta":"","astra-migrate-meta-layouts":"default","ast-page-background-enabled":"default","ast-page-background-meta":{"desktop":{"background-color":"var(--ast-global-color-5)","background-image":"","background-repeat":"repeat","background-position":"center center","background-size":"auto","background-attachment":"scroll","background-type":"","background-media":"","overlay-type":"","overlay-color":"","overlay-opacity":"","overlay-gradient":""},"tablet":{"background-color":"","background-image":"","background-repeat":"repeat","background-position":"center center","background-size":"auto","background-attachment":"scroll","background-type":"","background-media":"","overlay-type":"","overlay-color":"","overlay-opacity":"","overlay-gradient":""},"mobile":{"background-color":"","background-image":"","background-repeat":"repeat","background-position":"center center","background-size":"auto","background-attachment":"scroll","background-type":"","background-media":"","overlay-type":"","overlay-color":"","overlay-opacity":"","overlay-gradient":""}},"ast-content-background-meta":{"desktop":{"background-color":"var(--ast-global-color-4)","background-image":"","background-repeat":"repeat","background-position":"center center","background-size":"auto","background-attachment":"scroll","background-type":"","background-media":"","overlay-type":"","overlay-color":"","overlay-opacity":"","overlay-gradient":""},"tablet":{"background-color":"var(--ast-global-color-4)","background-image":"","background-repeat":"repeat","background-position":"center center","background-size":"auto","background-attachment":"scroll","background-type":"","background-media":"","overlay-type":"","overlay-color":"","overlay-opacity":"","overlay-gradient":""},"mobile":{"background-color":"var(--ast-global-color-4)","background-image":"","background-repeat":"repeat","background-position":"center center","background-size":"auto","background-attachment":"scroll","background-type":"","background-media":"","overlay-type":"","overlay-color":"","overlay-opacity":"","overlay-gradient":""}},"footnotes":""},"class_list":["post-1238","page","type-page","status-publish","hentry"],"_links":{"self":[{"href":"https:\/\/mroy.dectim.ca\/EnvProfTP2\/wordpress\/wp-json\/wp\/v2\/pages\/1238","targetHints":{"allow":["GET"]}}],"collection":[{"href":"https:\/\/mroy.dectim.ca\/EnvProfTP2\/wordpress\/wp-json\/wp\/v2\/pages"}],"about":[{"href":"https:\/\/mroy.dectim.ca\/EnvProfTP2\/wordpress\/wp-json\/wp\/v2\/types\/page"}],"author":[{"embeddable":true,"href":"https:\/\/mroy.dectim.ca\/EnvProfTP2\/wordpress\/wp-json\/wp\/v2\/users\/4"}],"replies":[{"embeddable":true,"href":"https:\/\/mroy.dectim.ca\/EnvProfTP2\/wordpress\/wp-json\/wp\/v2\/comments?post=1238"}],"version-history":[{"count":41,"href":"https:\/\/mroy.dectim.ca\/EnvProfTP2\/wordpress\/wp-json\/wp\/v2\/pages\/1238\/revisions"}],"predecessor-version":[{"id":1590,"href":"https:\/\/mroy.dectim.ca\/EnvProfTP2\/wordpress\/wp-json\/wp\/v2\/pages\/1238\/revisions\/1590"}],"wp:attachment":[{"href":"https:\/\/mroy.dectim.ca\/EnvProfTP2\/wordpress\/wp-json\/wp\/v2\/media?parent=1238"}],"curies":[{"name":"wp","href":"https:\/\/api.w.org\/{rel}","templated":true}]}}