{"id":1263,"date":"2026-04-20T18:13:25","date_gmt":"2026-04-20T22:13:25","guid":{"rendered":"https:\/\/mroy.dectim.ca\/EnvProfTP2\/wordpress\/?page_id=1263"},"modified":"2026-05-05T11:10:09","modified_gmt":"2026-05-05T15:10:09","slug":"bebe-poire","status":"publish","type":"page","link":"https:\/\/mroy.dectim.ca\/EnvProfTP2\/wordpress\/bebe-poire\/","title":{"rendered":"B\u00e9b\u00e9 poire"},"content":{"rendered":"\n<div class=\"wp-block-cover alignfull has-custom-content-position is-position-bottom-center\" style=\"margin-top:0;margin-bottom:0;padding-top:var(--wp--preset--spacing--70);padding-right:var(--wp--preset--spacing--50);padding-bottom:var(--wp--preset--spacing--70);padding-left:var(--wp--preset--spacing--50);min-height:430px;aspect-ratio:unset;\"><img loading=\"lazy\" decoding=\"async\" width=\"670\" height=\"602\" class=\"wp-block-cover__image-background wp-image-509 size-full\" alt=\"\" src=\"http:\/\/mroy.dectim.ca\/EnvProfTP2\/wordpress\/wp-content\/uploads\/2026\/03\/image-9.png\" data-object-fit=\"cover\" srcset=\"https:\/\/mroy.dectim.ca\/EnvProfTP2\/wordpress\/wp-content\/uploads\/2026\/03\/image-9.png 670w, https:\/\/mroy.dectim.ca\/EnvProfTP2\/wordpress\/wp-content\/uploads\/2026\/03\/image-9-300x270.png 300w\" sizes=\"auto, (max-width: 670px) 100vw, 670px\" \/><span aria-hidden=\"true\" class=\"wp-block-cover__background has-background-dim-60 has-background-dim\" style=\"background-color:#53513d\"><\/span><div class=\"wp-block-cover__inner-container is-layout-constrained wp-container-core-cover-is-layout-d4b13a1d wp-block-cover-is-layout-constrained\">\n<div class=\"wp-block-group .heroportfolio is-horizontal is-content-justification-space-between is-nowrap is-layout-flex wp-container-core-group-is-layout-d5bb4a19 wp-block-group-is-layout-flex\" style=\"margin-top:0;margin-bottom:0;padding-right:var(--wp--preset--spacing--20);padding-left:var(--wp--preset--spacing--20)\">\n<div class=\"wp-block-group is-vertical is-layout-flex wp-container-core-group-is-layout-b1a9a1e8 wp-block-group-is-layout-flex\" style=\"min-height:0px;margin-top:0;margin-bottom:0;padding-right:0;padding-left:0\">\n<h1 class=\"wp-block-heading has-ast-global-color-5-color has-text-color has-link-color wp-elements-8b13d00ae02c92658b92dba20f57b124\">B\u00e9b\u00e9 poire<\/h1>\n\n\n\n<h4 class=\"wp-block-heading has-ast-global-color-0-color has-text-color has-link-color has-medium-font-size wp-elements-238d57ef4c2053dd0f02dfeb912bc702\">Billy Green<\/h4>\n<\/div>\n\n\n\n<div class=\"wp-block-group is-content-justification-space-between is-nowrap is-layout-flex wp-container-core-group-is-layout-b7611b98 wp-block-group-is-layout-flex\" style=\"min-height:0px;margin-top:0;margin-bottom:0;padding-right:0;padding-left:0\">\n<figure class=\"wp-block-image size-large wp-container-content-759e20a8\"><img loading=\"lazy\" decoding=\"async\" width=\"1024\" height=\"837\" src=\"http:\/\/mroy.dectim.ca\/EnvProfTP2\/wordpress\/wp-content\/uploads\/2026\/04\/Blender_logo_no_text.svg_-1024x837.png\" alt=\"\" class=\"wp-image-1042\" srcset=\"https:\/\/mroy.dectim.ca\/EnvProfTP2\/wordpress\/wp-content\/uploads\/2026\/04\/Blender_logo_no_text.svg_-1024x837.png 1024w, https:\/\/mroy.dectim.ca\/EnvProfTP2\/wordpress\/wp-content\/uploads\/2026\/04\/Blender_logo_no_text.svg_-300x245.png 300w, https:\/\/mroy.dectim.ca\/EnvProfTP2\/wordpress\/wp-content\/uploads\/2026\/04\/Blender_logo_no_text.svg_-768x628.png 768w, https:\/\/mroy.dectim.ca\/EnvProfTP2\/wordpress\/wp-content\/uploads\/2026\/04\/Blender_logo_no_text.svg_-1536x1256.png 1536w, https:\/\/mroy.dectim.ca\/EnvProfTP2\/wordpress\/wp-content\/uploads\/2026\/04\/Blender_logo_no_text.svg_-2048x1675.png 2048w\" sizes=\"auto, (max-width: 1024px) 100vw, 1024px\" \/><\/figure>\n\n\n\n<figure class=\"wp-block-image size-large wp-container-content-759e20a8\"><img loading=\"lazy\" decoding=\"async\" width=\"1024\" height=\"999\" src=\"http:\/\/mroy.dectim.ca\/EnvProfTP2\/wordpress\/wp-content\/uploads\/2026\/03\/Adobe_After_Effects_CC_icon.svg_-1024x999.png\" alt=\"\" class=\"wp-image-537\" srcset=\"https:\/\/mroy.dectim.ca\/EnvProfTP2\/wordpress\/wp-content\/uploads\/2026\/03\/Adobe_After_Effects_CC_icon.svg_-1024x999.png 1024w, https:\/\/mroy.dectim.ca\/EnvProfTP2\/wordpress\/wp-content\/uploads\/2026\/03\/Adobe_After_Effects_CC_icon.svg_-300x293.png 300w, https:\/\/mroy.dectim.ca\/EnvProfTP2\/wordpress\/wp-content\/uploads\/2026\/03\/Adobe_After_Effects_CC_icon.svg_-768x749.png 768w, https:\/\/mroy.dectim.ca\/EnvProfTP2\/wordpress\/wp-content\/uploads\/2026\/03\/Adobe_After_Effects_CC_icon.svg_.png 1051w\" sizes=\"auto, (max-width: 1024px) 100vw, 1024px\" \/><\/figure>\n<\/div>\n<\/div>\n<\/div><\/div>\n\n\n\n<p><\/p>\n\n\n\n<div class=\"wp-block-group is-nowrap is-layout-flex wp-container-core-group-is-layout-4dde6c01 wp-block-group-is-layout-flex\" style=\"padding-top:var(--wp--preset--spacing--50);padding-right:0;padding-bottom:var(--wp--preset--spacing--50);padding-left:0\">\n<div class=\"wp-block-group is-layout-constrained wp-block-group-is-layout-constrained\">\n<h2 class=\"wp-block-heading\">Contexte du projet<\/h2>\n\n\n\n<p>Ce projet \u00e0 \u00e9t\u00e9 fait dans le contexte du cour de technique d\u2019int\u00e9gration multim\u00e9dia \u00ab&nbsp;<strong>Animation 3D<\/strong>&nbsp;\u00bb. C\u2019\u00e9tait le dernier travail pratique de la session pour synth\u00e9tiser tout ce qui a \u00e9t\u00e9 appris durant la session et le mettre en un projet. Le th\u00e8me du projet \u00e9tait libre.<\/p>\n\n\n\n<p>Dans ce projet j\u2019ai d\u00e9cid\u00e9 d\u2019anim\u00e9 une poire qui tombe d\u2019un arbre. En tombant et en roulant sur le sol, il est r\u00e9vel\u00e9 que la poire poss\u00e8de un visage de b\u00e9b\u00e9. J\u2019ai d\u00e9cid\u00e9 de faire cela car je trouvais que l\u2019animation allais \u00eatre plut\u00f4t simple ce qui me permettrais de me concentrer sur la mod\u00e9lisation et l\u2019impl\u00e9mentation de textures. Ce projet allait \u00e9galement me donner l\u2019opportunit\u00e9 d\u2019apprendre \u00e0 utiliser les outils de sculptage dans le logiciel de Blender.<\/p>\n<\/div>\n\n\n\n<div class=\"wp-block-group is-layout-constrained wp-block-group-is-layout-constrained\" style=\"min-height:100%\">\n<h2 class=\"wp-block-heading\">Notre contribution<\/h2>\n\n\n\n<p>Le projet \u00e0 \u00e9t\u00e9 r\u00e9aliser 100% par moi, Billy Green. J&rsquo;ai fait la mod\u00e9lisation, l&rsquo;animation et les textures du b\u00e9b\u00e9 poire. Ainsi que le montage du projet final sur after effects.<\/p>\n<\/div>\n<\/div>\n\n\n\n<div style=\"height:50px\" aria-hidden=\"true\" class=\"wp-block-spacer\"><\/div>\n\n\n\n<div class=\"wp-block-group alignfull has-background is-layout-constrained wp-block-group-is-layout-constrained\" style=\"background-color:#ffd4c5;padding-top:var(--wp--preset--spacing--80);padding-bottom:var(--wp--preset--spacing--80)\">\n<div class=\"wp-block-group is-layout-grid wp-container-core-group-is-layout-a85a4645 wp-block-group-is-layout-grid\" style=\"min-height:0px;margin-top:0;margin-bottom:0;padding-top:0;padding-right:0;padding-bottom:0;padding-left:0\">\n<div class=\"wp-block-group is-layout-constrained wp-block-group-is-layout-constrained\" style=\"padding-top:0;padding-bottom:0\">\n<div class=\"wp-block-group is-nowrap is-layout-flex wp-container-core-group-is-layout-8f32cfaa wp-block-group-is-layout-flex\" style=\"padding-top:0;padding-right:0;padding-bottom:0;padding-left:0\">\n<h1 class=\"wp-block-heading has-text-align-left has-border-color has-ast-global-color-0-background-color has-background has-large-font-size wp-container-content-1dabbf03\" style=\"border-color:var(--ast-global-color-8);border-style:solid;border-width:4px;border-top-left-radius:100px;border-top-right-radius:100px;border-bottom-left-radius:100px;border-bottom-right-radius:100px;margin-top:0;margin-left:0;padding-top:0;padding-right:var(--wp--preset--spacing--30);padding-bottom:0;padding-left:var(--wp--preset--spacing--30)\">1<\/h1>\n\n\n\n<h3 class=\"wp-block-heading\">Le sc\u00e9narimage<\/h3>\n<\/div>\n\n\n\n<p>La premi\u00e8re \u00e9tape de la cr\u00e9ation, et une \u00e9tape que je commence toujours avec pour mes projets 3D, est le sc\u00e9narimage. J\u2019ai utilis\u00e9 le logiciel de design graphique Figma pour faire un sc\u00e9narimage simple pour r\u00e9sum\u00e9 l\u2019action principale de mon animation.<\/p>\n<\/div>\n\n\n\n<figure data-wp-context=\"{&quot;imageId&quot;:&quot;69fbf2ca40a12&quot;}\" data-wp-interactive=\"core\/image\" data-wp-key=\"69fbf2ca40a12\" class=\"wp-block-image size-full has-custom-border is-style-rounded wp-lightbox-container\"><img loading=\"lazy\" decoding=\"async\" width=\"820\" height=\"594\" data-wp-class--hide=\"state.isContentHidden\" data-wp-class--show=\"state.isContentVisible\" data-wp-init=\"callbacks.setButtonStyles\" data-wp-on--click=\"actions.showLightbox\" data-wp-on--load=\"callbacks.setButtonStyles\" data-wp-on-window--resize=\"callbacks.setButtonStyles\" src=\"https:\/\/mroy.dectim.ca\/EnvProfTP2\/wordpress\/wp-content\/uploads\/2026\/04\/image_2026-04-26_113809354.png\" alt=\"\" class=\"has-border-color has-ast-global-color-8-border-color wp-image-1396\" style=\"border-width:4px;border-top-left-radius:25px;border-top-right-radius:25px;border-bottom-left-radius:25px;border-bottom-right-radius:25px;aspect-ratio:4\/3;object-fit:cover\" srcset=\"https:\/\/mroy.dectim.ca\/EnvProfTP2\/wordpress\/wp-content\/uploads\/2026\/04\/image_2026-04-26_113809354.png 820w, https:\/\/mroy.dectim.ca\/EnvProfTP2\/wordpress\/wp-content\/uploads\/2026\/04\/image_2026-04-26_113809354-300x217.png 300w, https:\/\/mroy.dectim.ca\/EnvProfTP2\/wordpress\/wp-content\/uploads\/2026\/04\/image_2026-04-26_113809354-768x556.png 768w\" sizes=\"auto, (max-width: 820px) 100vw, 820px\" \/><button\n\t\t\tclass=\"lightbox-trigger\"\n\t\t\ttype=\"button\"\n\t\t\taria-haspopup=\"dialog\"\n\t\t\taria-label=\"Agrandir\"\n\t\t\tdata-wp-init=\"callbacks.initTriggerButton\"\n\t\t\tdata-wp-on--click=\"actions.showLightbox\"\n\t\t\tdata-wp-style--right=\"state.imageButtonRight\"\n\t\t\tdata-wp-style--top=\"state.imageButtonTop\"\n\t\t>\n\t\t\t<svg xmlns=\"http:\/\/www.w3.org\/2000\/svg\" width=\"12\" height=\"12\" fill=\"none\" viewBox=\"0 0 12 12\">\n\t\t\t\t<path fill=\"#fff\" d=\"M2 0a2 2 0 0 0-2 2v2h1.5V2a.5.5 0 0 1 .5-.5h2V0H2Zm2 10.5H2a.5.5 0 0 1-.5-.5V8H0v2a2 2 0 0 0 2 2h2v-1.5ZM8 12v-1.5h2a.5.5 0 0 0 .5-.5V8H12v2a2 2 0 0 1-2 2H8Zm2-12a2 2 0 0 1 2 2v2h-1.5V2a.5.5 0 0 0-.5-.5H8V0h2Z\" \/>\n\t\t\t<\/svg>\n\t\t<\/button><\/figure>\n<\/div>\n\n\n\n<div style=\"height:40px\" aria-hidden=\"true\" class=\"wp-block-spacer\"><\/div>\n\n\n\n<div class=\"wp-block-group is-layout-grid wp-container-core-group-is-layout-1ffd36ad wp-block-group-is-layout-grid\" style=\"margin-top:0;margin-bottom:0;padding-top:0;padding-right:0;padding-bottom:0;padding-left:0\">\n<figure class=\"wp-block-image size-large has-custom-border\"><img loading=\"lazy\" decoding=\"async\" width=\"1024\" height=\"511\" src=\"http:\/\/mroy.dectim.ca\/EnvProfTP2\/wordpress\/wp-content\/uploads\/2026\/04\/image-6-1024x511.png\" alt=\"\" class=\"has-border-color wp-image-1313\" style=\"border-color:var(--ast-global-color-8);border-width:4px;border-top-left-radius:21px;border-top-right-radius:21px;border-bottom-left-radius:21px;border-bottom-right-radius:21px\" srcset=\"https:\/\/mroy.dectim.ca\/EnvProfTP2\/wordpress\/wp-content\/uploads\/2026\/04\/image-6-1024x511.png 1024w, https:\/\/mroy.dectim.ca\/EnvProfTP2\/wordpress\/wp-content\/uploads\/2026\/04\/image-6-300x150.png 300w, https:\/\/mroy.dectim.ca\/EnvProfTP2\/wordpress\/wp-content\/uploads\/2026\/04\/image-6-768x383.png 768w, https:\/\/mroy.dectim.ca\/EnvProfTP2\/wordpress\/wp-content\/uploads\/2026\/04\/image-6-1536x767.png 1536w, https:\/\/mroy.dectim.ca\/EnvProfTP2\/wordpress\/wp-content\/uploads\/2026\/04\/image-6.png 1917w\" sizes=\"auto, (max-width: 1024px) 100vw, 1024px\" \/><\/figure>\n\n\n\n<div class=\"wp-block-group is-layout-constrained wp-block-group-is-layout-constrained\">\n<div class=\"wp-block-group is-nowrap is-layout-flex wp-container-core-group-is-layout-8f32cfaa wp-block-group-is-layout-flex\" style=\"padding-top:0;padding-right:0;padding-bottom:0;padding-left:0\">\n<h3 class=\"wp-block-heading has-text-align-left has-border-color has-ast-global-color-0-background-color has-background has-large-font-size wp-container-content-1dabbf03\" style=\"border-color:var(--ast-global-color-8);border-style:solid;border-width:4px;border-top-left-radius:100px;border-top-right-radius:100px;border-bottom-left-radius:100px;border-bottom-right-radius:100px;margin-top:0;margin-left:0;padding-top:0;padding-right:var(--wp--preset--spacing--30);padding-bottom:0;padding-left:var(--wp--preset--spacing--30)\">2<\/h3>\n\n\n\n<h3 class=\"wp-block-heading\">La mod\u00e9lisation<\/h3>\n<\/div>\n\n\n\n<p>Ensuite, j\u2019ai fait les mod\u00e8les de ma sc\u00e8ne. Tout les mod\u00e8les ont \u00e9t\u00e9 fait par moi et aucun n\u2019ont \u00e9t\u00e9 pris de librairies d\u2019objets pr\u00e9faits en ligne. Pour des raisons d\u2019optimisation la poire et les arbres ont tous \u00e9t\u00e9 mod\u00e8liser en dehors du projet principale et au final, beaucoup des arbres ont \u00e9t\u00e9 remplac\u00e9 par des images 2D pour simplifier le rendu final.<\/p>\n<\/div>\n<\/div>\n\n\n\n<div style=\"height:40px\" aria-hidden=\"true\" class=\"wp-block-spacer\"><\/div>\n\n\n\n<div class=\"wp-block-group is-layout-grid wp-container-core-group-is-layout-1ffd36ad wp-block-group-is-layout-grid\" style=\"margin-top:0;margin-bottom:0;padding-top:0;padding-right:0;padding-bottom:0;padding-left:0\">\n<div class=\"wp-block-group is-layout-constrained wp-block-group-is-layout-constrained\">\n<div class=\"wp-block-group is-nowrap is-layout-flex wp-container-core-group-is-layout-8f32cfaa wp-block-group-is-layout-flex\" style=\"padding-top:0;padding-right:0;padding-bottom:0;padding-left:0\">\n<h3 class=\"wp-block-heading has-text-align-left has-border-color has-ast-global-color-0-background-color has-background has-large-font-size wp-container-content-1dabbf03\" style=\"border-color:var(--ast-global-color-8);border-style:solid;border-width:4px;border-top-left-radius:100px;border-top-right-radius:100px;border-bottom-left-radius:100px;border-bottom-right-radius:100px;margin-top:0;margin-left:0;padding-top:0;padding-right:var(--wp--preset--spacing--30);padding-bottom:0;padding-left:var(--wp--preset--spacing--30)\">3<\/h3>\n\n\n\n<h3 class=\"wp-block-heading\">Textures et Mat\u00e9riaux<\/h3>\n<\/div>\n\n\n\n<p>Par la suite, j\u2019ai texturis\u00e9 mes mod\u00e8les et ajouter un HRDI (High Dynamic Range Imaging) pour rajouter des lumi\u00e8res coh\u00e9rentes \u00e0 ma sc\u00e8ne. Toutes les textures on \u00e9t\u00e9 trouv\u00e9es en ligne sur le site https:\/\/ambientcg.com.<\/p>\n<\/div>\n\n\n\n<figure class=\"wp-block-image size-full has-custom-border wp-container-content-5e2576f9\"><img loading=\"lazy\" decoding=\"async\" width=\"670\" height=\"602\" src=\"http:\/\/mroy.dectim.ca\/EnvProfTP2\/wordpress\/wp-content\/uploads\/2026\/04\/image-9.png\" alt=\"\" class=\"has-border-color wp-image-1311\" style=\"border-color:var(--ast-global-color-8);border-width:4px;border-top-left-radius:21px;border-top-right-radius:21px;border-bottom-left-radius:21px;border-bottom-right-radius:21px\" srcset=\"https:\/\/mroy.dectim.ca\/EnvProfTP2\/wordpress\/wp-content\/uploads\/2026\/04\/image-9.png 670w, https:\/\/mroy.dectim.ca\/EnvProfTP2\/wordpress\/wp-content\/uploads\/2026\/04\/image-9-300x270.png 300w\" sizes=\"auto, (max-width: 670px) 100vw, 670px\" \/><\/figure>\n<\/div>\n<\/div>\n\n\n\n<div style=\"height:50px\" aria-hidden=\"true\" class=\"wp-block-spacer\"><\/div>\n\n\n\n<h2 class=\"wp-block-heading\">D\u00e9fis rencontr\u00e9s<\/h2>\n\n\n\n<p>Peu de probl\u00e8mes ont \u00e9t\u00e9 rencontr\u00e9 durant la production du projet, le plus gros \u00e9tait que lors de mon rendu pour une raison simple mon ciel ne s&rsquo;affichait plus, j&rsquo;avais oublier de le mettre au rendu et non juste sur la calque de la vue 3D sur blender.<\/p>\n\n\n\n<div style=\"height:50px\" aria-hidden=\"true\" class=\"wp-block-spacer\"><\/div>\n\n\n\n<div class=\"wp-block-group alignfull has-background is-layout-constrained wp-block-group-is-layout-constrained\" style=\"background-color:#ffd4c5;padding-top:var(--wp--preset--spacing--80);padding-bottom:var(--wp--preset--spacing--80)\">\n<h2 class=\"wp-block-heading\">Rendu final<\/h2>\n\n\n\n<figure class=\"wp-block-video\"><video height=\"540\" style=\"aspect-ratio: 960 \/ 540;\" width=\"960\" controls src=\"http:\/\/mroy.dectim.ca\/EnvProfTP2\/wordpress\/wp-content\/uploads\/2026\/04\/Billy_Green_TP4.mp4\"><\/video><\/figure>\n<\/div>\n\n\n\n<p><\/p>\n","protected":false},"excerpt":{"rendered":"<p>Contexte du projet Ce projet \u00e0 \u00e9t\u00e9 fait dans le contexte du cour de technique d\u2019int\u00e9gration multim\u00e9dia \u00ab&nbsp;Animation 3D&nbsp;\u00bb. C\u2019\u00e9tait le dernier travail pratique de la session pour synth\u00e9tiser tout ce qui a \u00e9t\u00e9 appris durant la session et le mettre en un projet. Le th\u00e8me du projet \u00e9tait libre. Dans ce projet j\u2019ai d\u00e9cid\u00e9 [&hellip;]<\/p>\n","protected":false},"author":1,"featured_media":0,"parent":0,"menu_order":0,"comment_status":"closed","ping_status":"closed","template":"","meta":{"site-sidebar-layout":"default","site-content-layout":"","ast-site-content-layout":"default","site-content-style":"default","site-sidebar-style":"default","ast-global-header-display":"","ast-banner-title-visibility":"","ast-main-header-display":"","ast-hfb-above-header-display":"","ast-hfb-below-header-display":"","ast-hfb-mobile-header-display":"","site-post-title":"disabled","ast-breadcrumbs-content":"","ast-featured-img":"","footer-sml-layout":"","ast-disable-related-posts":"","theme-transparent-header-meta":"","adv-header-id-meta":"","stick-header-meta":"","header-above-stick-meta":"","header-main-stick-meta":"","header-below-stick-meta":"","astra-migrate-meta-layouts":"default","ast-page-background-enabled":"default","ast-page-background-meta":{"desktop":{"background-color":"var(--ast-global-color-5)","background-image":"","background-repeat":"repeat","background-position":"center center","background-size":"auto","background-attachment":"scroll","background-type":"","background-media":"","overlay-type":"","overlay-color":"","overlay-opacity":"","overlay-gradient":""},"tablet":{"background-color":"","background-image":"","background-repeat":"repeat","background-position":"center center","background-size":"auto","background-attachment":"scroll","background-type":"","background-media":"","overlay-type":"","overlay-color":"","overlay-opacity":"","overlay-gradient":""},"mobile":{"background-color":"","background-image":"","background-repeat":"repeat","background-position":"center center","background-size":"auto","background-attachment":"scroll","background-type":"","background-media":"","overlay-type":"","overlay-color":"","overlay-opacity":"","overlay-gradient":""}},"ast-content-background-meta":{"desktop":{"background-color":"var(--ast-global-color-4)","background-image":"","background-repeat":"repeat","background-position":"center center","background-size":"auto","background-attachment":"scroll","background-type":"","background-media":"","overlay-type":"","overlay-color":"","overlay-opacity":"","overlay-gradient":""},"tablet":{"background-color":"var(--ast-global-color-4)","background-image":"","background-repeat":"repeat","background-position":"center center","background-size":"auto","background-attachment":"scroll","background-type":"","background-media":"","overlay-type":"","overlay-color":"","overlay-opacity":"","overlay-gradient":""},"mobile":{"background-color":"var(--ast-global-color-4)","background-image":"","background-repeat":"repeat","background-position":"center center","background-size":"auto","background-attachment":"scroll","background-type":"","background-media":"","overlay-type":"","overlay-color":"","overlay-opacity":"","overlay-gradient":""}},"footnotes":""},"class_list":["post-1263","page","type-page","status-publish","hentry"],"_links":{"self":[{"href":"https:\/\/mroy.dectim.ca\/EnvProfTP2\/wordpress\/wp-json\/wp\/v2\/pages\/1263","targetHints":{"allow":["GET"]}}],"collection":[{"href":"https:\/\/mroy.dectim.ca\/EnvProfTP2\/wordpress\/wp-json\/wp\/v2\/pages"}],"about":[{"href":"https:\/\/mroy.dectim.ca\/EnvProfTP2\/wordpress\/wp-json\/wp\/v2\/types\/page"}],"author":[{"embeddable":true,"href":"https:\/\/mroy.dectim.ca\/EnvProfTP2\/wordpress\/wp-json\/wp\/v2\/users\/1"}],"replies":[{"embeddable":true,"href":"https:\/\/mroy.dectim.ca\/EnvProfTP2\/wordpress\/wp-json\/wp\/v2\/comments?post=1263"}],"version-history":[{"count":20,"href":"https:\/\/mroy.dectim.ca\/EnvProfTP2\/wordpress\/wp-json\/wp\/v2\/pages\/1263\/revisions"}],"predecessor-version":[{"id":1589,"href":"https:\/\/mroy.dectim.ca\/EnvProfTP2\/wordpress\/wp-json\/wp\/v2\/pages\/1263\/revisions\/1589"}],"wp:attachment":[{"href":"https:\/\/mroy.dectim.ca\/EnvProfTP2\/wordpress\/wp-json\/wp\/v2\/media?parent=1263"}],"curies":[{"name":"wp","href":"https:\/\/api.w.org\/{rel}","templated":true}]}}