{"id":13,"date":"2026-02-03T13:01:39","date_gmt":"2026-02-03T18:01:39","guid":{"rendered":"http:\/\/mroy.dectim.ca\/EnvProfTP2\/wordpress\/?page_id=13"},"modified":"2026-05-05T11:45:08","modified_gmt":"2026-05-05T15:45:08","slug":"nos-services","status":"publish","type":"page","link":"https:\/\/mroy.dectim.ca\/EnvProfTP2\/wordpress\/nos-services\/","title":{"rendered":"Nos services"},"content":{"rendered":"\n<div class=\"wp-block-cover alignfull\" style=\"margin-bottom:var(--wp--preset--spacing--60)\"><img loading=\"lazy\" decoding=\"async\" width=\"1080\" height=\"720\" class=\"wp-block-cover__image-background wp-image-1054 size-full\" alt=\"\" src=\"https:\/\/mroy.dectim.ca\/EnvProfTP2\/wordpress\/wp-content\/uploads\/2026\/04\/heroNosServices.jpg\" data-object-fit=\"cover\" srcset=\"https:\/\/mroy.dectim.ca\/EnvProfTP2\/wordpress\/wp-content\/uploads\/2026\/04\/heroNosServices.jpg 1080w, https:\/\/mroy.dectim.ca\/EnvProfTP2\/wordpress\/wp-content\/uploads\/2026\/04\/heroNosServices-300x200.jpg 300w, https:\/\/mroy.dectim.ca\/EnvProfTP2\/wordpress\/wp-content\/uploads\/2026\/04\/heroNosServices-1024x683.jpg 1024w, https:\/\/mroy.dectim.ca\/EnvProfTP2\/wordpress\/wp-content\/uploads\/2026\/04\/heroNosServices-768x512.jpg 768w\" sizes=\"auto, (max-width: 1080px) 100vw, 1080px\" \/><span aria-hidden=\"true\" class=\"wp-block-cover__background has-ast-global-color-6-background-color has-background-dim\"><\/span><div class=\"wp-block-cover__inner-container is-layout-constrained wp-block-cover-is-layout-constrained\">\n<h1 class=\"wp-block-heading o-typing-delay-100ms o-typing-fast has-ast-global-color-0-color has-text-color has-link-color wp-elements-e10170889306dba6b74109f138a765a6\"><o-anim-typing>Nos services<\/o-anim-typing><\/h1>\n<\/div><\/div>\n\n\n\n<div class=\"wp-block-group alignfull is-layout-constrained wp-block-group-is-layout-constrained\" style=\"margin-top:0;margin-bottom:0\">\n<div class=\"wp-block-group is-layout-constrained wp-block-group-is-layout-constrained\">\n<p style=\"margin-right:0;padding-right:300px;padding-left:0\">Nous offrons aux petites compagnies des services pour faire des jeux interactif, VR, etc. qui <strong>sensibilisent <\/strong>les gens et des jeux qui aident \u00e0 <strong>former <\/strong>les gens dans leur milieux de travail.<\/p>\n\n\n\n<div class=\"wp-block-buttons is-content-justification-left is-layout-flex wp-container-core-buttons-is-layout-a7c4262a wp-block-buttons-is-layout-flex\" style=\"padding-top:var(--wp--preset--spacing--50);padding-bottom:0\">\n<div class=\"wp-block-button\"><a class=\"wp-block-button__link wp-element-button\" href=\"https:\/\/mroy.dectim.ca\/EnvProfTP2\/wordpress\/contact\/\" style=\"border-top-left-radius:76px;border-top-right-radius:76px;border-bottom-left-radius:76px;border-bottom-right-radius:76px\">NOUS CONTACTER<\/a><\/div>\n<\/div>\n<\/div>\n<\/div>\n\n\n\n<div class=\"wp-block-group alignfull has-background is-layout-constrained wp-block-group-is-layout-constrained\" style=\"background-color:#ffd4c5\">\n<div class=\"wp-block-group is-layout-constrained wp-block-group-is-layout-constrained\" style=\"padding-top:0.5rem\">\n<h2 class=\"wp-block-heading\" style=\"padding-top:var(--wp--preset--spacing--60);padding-bottom:0\">Formations pour le travail<\/h2>\n\n\n<div class=\"n2-section-smartslider fitvidsignore  n2_clear\" data-ssid=\"6\"><div id=\"n2-ss-6-align\" class=\"n2-ss-align\"><div class=\"n2-padding\"><div id=\"n2-ss-6\" data-creator=\"Smart Slider 3\" data-responsive=\"auto\" class=\"n2-ss-slider n2-ow n2-has-hover n2notransition  \">\n\n\n\n<div class=\"n2-ss-slider-wrapper-outside\" style=\"grid-template-rows:1fr auto\">\n        <div class=\"n2-ss-slider-1 n2_ss__touch_element n2-ow\">\n            <div class=\"n2-ss-slider-2 n2-ow\">\n                                                <div class=\"n2-ss-slider-3 n2-ow\">\n\n                    <div class=\"n2-ss-slide-backgrounds n2-ow-all\"><div class=\"n2-ss-slide-background\" data-public-id=\"1\" data-mode=\"fill\"><div class=\"n2-ss-slide-background-image\" data-blur=\"0\" data-opacity=\"100\" data-x=\"50\" data-y=\"50\" data-alt=\"\" data-title=\"\"><picture class=\"skip-lazy\" data-skip-lazy=\"1\"><img decoding=\"async\" src=\"\/\/mroy.dectim.ca\/EnvProfTP2\/wordpress\/wp-content\/uploads\/2026\/03\/PME-scaled.jpg\" alt=\"\" title=\"\" loading=\"lazy\" class=\"skip-lazy\" data-skip-lazy=\"1\"><\/picture><\/div><div data-color=\"RGBA(0,0,0,0.55)\" style=\"background-color: RGBA(0,0,0,0.55);\" class=\"n2-ss-slide-background-color\" data-overlay=\"1\"><\/div><\/div><div class=\"n2-ss-slide-background\" data-public-id=\"2\" data-mode=\"fill\" aria-hidden=\"true\"><div class=\"n2-ss-slide-background-image\" data-blur=\"0\" data-opacity=\"100\" data-x=\"50\" data-y=\"50\" data-alt=\"\" data-title=\"\"><picture class=\"skip-lazy\" data-skip-lazy=\"1\"><img decoding=\"async\" src=\"\/\/mroy.dectim.ca\/EnvProfTP2\/wordpress\/wp-content\/uploads\/2026\/03\/SimulationHelico2.png\" alt=\"\" title=\"\" loading=\"lazy\" class=\"skip-lazy\" data-skip-lazy=\"1\"><\/picture><\/div><div data-color=\"RGBA(0,0,0,0.54)\" style=\"background-color: RGBA(0,0,0,0.54);\" class=\"n2-ss-slide-background-color\" data-overlay=\"1\"><\/div><\/div><div class=\"n2-ss-slide-background\" data-public-id=\"3\" data-mode=\"fill\" aria-hidden=\"true\"><div class=\"n2-ss-slide-background-image\" data-blur=\"0\" data-opacity=\"100\" data-x=\"50\" data-y=\"50\" data-alt=\"\" data-title=\"\"><picture class=\"skip-lazy\" data-skip-lazy=\"1\"><img decoding=\"async\" src=\"\/\/mroy.dectim.ca\/EnvProfTP2\/wordpress\/wp-content\/uploads\/2026\/03\/ConstructionCompagnie-scaled.jpg\" alt=\"\" title=\"\" loading=\"lazy\" class=\"skip-lazy\" data-skip-lazy=\"1\"><\/picture><\/div><div data-color=\"RGBA(0,0,0,0.55)\" style=\"background-color: RGBA(0,0,0,0.55);\" class=\"n2-ss-slide-background-color\" data-overlay=\"1\"><\/div><\/div><\/div>                    <div class=\"n2-ss-slider-4 n2-ow\">\n                        <svg xmlns=\"http:\/\/www.w3.org\/2000\/svg\" viewBox=\"0 0 1200 700\" data-related-device=\"desktopPortrait\" class=\"n2-ow n2-ss-preserve-size n2-ss-preserve-size--slider n2-ss-slide-limiter\"><\/svg><div data-first=\"1\" data-slide-duration=\"0\" data-id=\"15\" data-slide-public-id=\"1\" data-title=\"PME\" class=\"n2-ss-slide n2-ow  n2-ss-slide-15\"><div role=\"note\" class=\"n2-ss-slide--focus\" tabindex=\"-1\">PME<\/div><div class=\"n2-ss-layers-container n2-ss-slide-limiter n2-ow\"><div class=\"n2-ss-layer n2-ow n-uc-6PxuPBuan1eS\" data-sstype=\"slide\" data-pm=\"default\"><div class=\"n2-ss-layer n2-ow n-uc-OC24GC7cRDK0\" data-pm=\"default\" data-sstype=\"content\" data-hasbackground=\"0\"><div class=\"n2-ss-section-main-content n2-ss-layer-with-background n2-ss-layer-content n2-ow n-uc-OC24GC7cRDK0-inner\"><div class=\"n2-ss-layer n2-ow n-uc-yOW4j2GBqcqB\" data-pm=\"normal\" data-sstype=\"layer\"><div id=\"n2-ss-6item1\" class=\"n2-font-daf7d36f8ff8fb63c5740c3b5eb7fd45-hover   n2-ss-item-content n2-ss-text n2-ow\" style=\"display:block;\">Entreprise (PME)<\/div><\/div><\/div><\/div><\/div><\/div><\/div><div data-slide-duration=\"0\" data-id=\"14\" data-slide-public-id=\"2\" aria-hidden=\"true\" data-title=\"SimulationHelico2\" class=\"n2-ss-slide n2-ow  n2-ss-slide-14\"><div role=\"note\" class=\"n2-ss-slide--focus\" tabindex=\"-1\">SimulationHelico2<\/div><div class=\"n2-ss-layers-container n2-ss-slide-limiter n2-ow\"><div class=\"n2-ss-layer n2-ow n-uc-eIyfx4A4AXhZ\" data-sstype=\"slide\" data-pm=\"default\"><div class=\"n2-ss-layer n2-ow n-uc-n8hq04YLg7gR\" data-pm=\"default\" data-sstype=\"content\" data-hasbackground=\"0\"><div class=\"n2-ss-section-main-content n2-ss-layer-with-background n2-ss-layer-content n2-ow n-uc-n8hq04YLg7gR-inner\"><div class=\"n2-ss-layer n2-ow n-uc-VUPJgpAySicx\" data-pm=\"normal\" data-sstype=\"layer\"><div id=\"n2-ss-6item2\" class=\"n2-font-c10103bcea3348d745ded73f3db1de39-hover   n2-ss-item-content n2-ss-text n2-ow\" style=\"display:block;\">PME<br>construction avion<\/div><\/div><\/div><\/div><\/div><\/div><\/div><div data-slide-duration=\"0\" data-id=\"16\" data-slide-public-id=\"3\" aria-hidden=\"true\" data-title=\"ConstructionCompagnie\" class=\"n2-ss-slide n2-ow  n2-ss-slide-16\"><div role=\"note\" class=\"n2-ss-slide--focus\" tabindex=\"-1\">ConstructionCompagnie<\/div><div class=\"n2-ss-layers-container n2-ss-slide-limiter n2-ow\"><div class=\"n2-ss-layer n2-ow n-uc-62pNGCNPM21x\" data-sstype=\"slide\" data-pm=\"default\"><div class=\"n2-ss-layer n2-ow n-uc-UR2y1w1XhLiM\" data-pm=\"default\" data-sstype=\"content\" data-hasbackground=\"0\"><div class=\"n2-ss-section-main-content n2-ss-layer-with-background n2-ss-layer-content n2-ow n-uc-UR2y1w1XhLiM-inner\"><div class=\"n2-ss-layer n2-ow n-uc-23FGBddrZ9VP\" data-pm=\"normal\" data-sstype=\"layer\"><div id=\"n2-ss-6item3\" class=\"n2-font-daf7d36f8ff8fb63c5740c3b5eb7fd45-hover   n2-ss-item-content n2-ss-text n2-ow\" style=\"display:block;\">Petite compagnie <br>de construction<\/div><\/div><\/div><\/div><\/div><\/div><\/div>                    <\/div>\n\n                                    <\/div>\n            <\/div>\n        <\/div>\n        <div class=\"n2-ss-slider-controls n2-ss-slider-controls-below\"><div style=\"--widget-offset:10px;\" class=\"n2-ss-widget n2-ss-control-bullet n2-ow-all n2-ss-control-bullet-horizontal\"><div class=\" nextend-bullet-bar n2-bar-justify-content-center\" role=\"group\" aria-label=\"Choose slide to display.\"><div class=\"n2-bullet n2-style-785355f374be86c332d4665aae819858-dot \" style=\"visibility:hidden;\"><\/div><\/div><\/div><\/div><\/div><\/div><ss3-loader><\/ss3-loader><\/div><\/div><div class=\"n2_clear\"><\/div><\/div>\n\n\n<div class=\"wp-block-group alignfull animated slideInLeft is-layout-constrained wp-block-group-is-layout-constrained\">\n<div class=\"wp-block-group alignfull is-layout-constrained wp-block-group-is-layout-constrained\">\n<p class=\"animated fadeIn\" style=\"padding-right:15rem\">Nous voulons offrir des services \u00e0 des <strong>PME<\/strong>, des <strong>\u00e9coles<\/strong>. Les PME ont tendances \u00e0 rencontrer des gens qui ont des <strong>manques de comp\u00e9tences<\/strong>. C&rsquo;est pour cela que nous leur offrons nos services pour qu&rsquo;ils puissent cr\u00e9er leur <strong>propre <\/strong>programme de formation.<\/p>\n<\/div>\n\n\n\n<p class=\"animated fadeIn\">Nous offrons ses services suivants (Ne sont pas tous list\u00e9):<\/p>\n\n\n\n<ul class=\"wp-block-list\">\n<li class=\"animated fadeIn\"><strong>Formation de jeux VR<\/strong><\/li>\n\n\n\n<li class=\"animated fadeIn\"><strong>Formation de cr\u00e9ation jeu interactive<\/strong><\/li>\n\n\n\n<li><strong>Formation d&rsquo;utilisation d&rsquo;une I.A suivi de performance<\/strong><\/li>\n<\/ul>\n\n\n\n<div class=\"wp-block-buttons animated fadeIn is-content-justification-left is-layout-flex wp-container-core-buttons-is-layout-fc4fd283 wp-block-buttons-is-layout-flex\">\n<div class=\"wp-block-button is-style-outline is-style-outline--1\"><a class=\"wp-block-button__link wp-element-button\" href=\"https:\/\/mroy.dectim.ca\/EnvProfTP2\/wordpress\/formation-de-travail\/\">EN SAVOIR PLUS<\/a><\/div>\n<\/div>\n<\/div>\n<\/div>\n<\/div>\n\n\n\n<div class=\"wp-block-group alignfull blockenhaut is-layout-constrained wp-block-group-is-layout-constrained\">\n<div class=\"wp-block-group is-layout-constrained wp-block-group-is-layout-constrained\" style=\"padding-top:0.5rem\">\n<h2 class=\"wp-block-heading\" style=\"padding-top:var(--wp--preset--spacing--60);padding-bottom:0\">Formations pour la sensibilisation<\/h2>\n\n\n<div class=\"n2-section-smartslider fitvidsignore  n2_clear\" data-ssid=\"7\"><div id=\"n2-ss-7-align\" class=\"n2-ss-align\"><div class=\"n2-padding\"><div id=\"n2-ss-7\" data-creator=\"Smart Slider 3\" data-responsive=\"auto\" class=\"n2-ss-slider n2-ow n2-has-hover n2notransition  \">\n\n\n\n<div class=\"n2-ss-slider-wrapper-outside\" style=\"grid-template-rows:1fr auto\">\n        <div class=\"n2-ss-slider-1 n2_ss__touch_element n2-ow\">\n            <div class=\"n2-ss-slider-2 n2-ow\">\n                                                <div class=\"n2-ss-slider-3 n2-ow\">\n\n                    <div class=\"n2-ss-slide-backgrounds n2-ow-all\"><div class=\"n2-ss-slide-background\" data-public-id=\"1\" data-mode=\"fill\"><div class=\"n2-ss-slide-background-image\" data-blur=\"0\" data-opacity=\"100\" data-x=\"50\" data-y=\"50\" data-alt=\"\" data-title=\"\"><picture class=\"skip-lazy\" data-skip-lazy=\"1\"><img decoding=\"async\" src=\"\/\/mroy.dectim.ca\/EnvProfTP2\/wordpress\/wp-content\/uploads\/2026\/03\/ServiceFormation2.png\" alt=\"\" title=\"\" loading=\"lazy\" class=\"skip-lazy\" data-skip-lazy=\"1\"><\/picture><\/div><div data-color=\"RGBA(0,0,0,0.44)\" style=\"background-color: RGBA(0,0,0,0.44);\" class=\"n2-ss-slide-background-color\" data-overlay=\"1\"><\/div><\/div><div class=\"n2-ss-slide-background\" data-public-id=\"2\" data-mode=\"fill\" aria-hidden=\"true\"><div class=\"n2-ss-slide-background-image\" data-blur=\"0\" data-opacity=\"100\" data-x=\"44\" data-y=\"68\" data-alt=\"\" data-title=\"\" style=\"--ss-o-pos-x:44%;--ss-o-pos-y:68%\"><picture class=\"skip-lazy\" data-skip-lazy=\"1\"><img decoding=\"async\" src=\"\/\/mroy.dectim.ca\/EnvProfTP2\/wordpress\/wp-content\/uploads\/2026\/03\/campagneSensibilisation-scaled.jpg\" alt=\"\" title=\"\" loading=\"lazy\" class=\"skip-lazy\" data-skip-lazy=\"1\"><\/picture><\/div><div data-color=\"RGBA(0,0,0,0.53)\" style=\"background-color: RGBA(0,0,0,0.53);\" class=\"n2-ss-slide-background-color\" data-overlay=\"1\"><\/div><\/div><\/div>                    <div class=\"n2-ss-slider-4 n2-ow\">\n                        <svg xmlns=\"http:\/\/www.w3.org\/2000\/svg\" viewBox=\"0 0 1200 700\" data-related-device=\"desktopPortrait\" class=\"n2-ow n2-ss-preserve-size n2-ss-preserve-size--slider n2-ss-slide-limiter\"><\/svg><div data-first=\"1\" data-slide-duration=\"0\" data-id=\"17\" data-slide-public-id=\"1\" data-title=\"ServiceFormation2\" class=\"n2-ss-slide n2-ow  n2-ss-slide-17\"><div role=\"note\" class=\"n2-ss-slide--focus\" tabindex=\"-1\">ServiceFormation2<\/div><div class=\"n2-ss-layers-container n2-ss-slide-limiter n2-ow\"><div class=\"n2-ss-layer n2-ow n-uc-mcvf5pHYRcIc\" data-sstype=\"slide\" data-pm=\"default\"><div class=\"n2-ss-layer n2-ow n-uc-LcArUNXcMgK8\" data-pm=\"default\" data-sstype=\"content\" data-hasbackground=\"0\"><div class=\"n2-ss-section-main-content n2-ss-layer-with-background n2-ss-layer-content n2-ow n-uc-LcArUNXcMgK8-inner\"><div class=\"n2-ss-layer n2-ow n-uc-Y0TkyZdJ7sqD\" data-pm=\"normal\" data-sstype=\"layer\"><div id=\"n2-ss-7item1\" class=\"n2-font-11728683d2f21425d2b43c26d45e539b-hover   n2-ss-item-content n2-ss-text n2-ow\" style=\"display:block;\">\u00c9cole<\/div><\/div><\/div><\/div><\/div><\/div><\/div><div data-slide-duration=\"0\" data-id=\"18\" data-slide-public-id=\"2\" aria-hidden=\"true\" data-title=\"campagneSensibilisation\" class=\"n2-ss-slide n2-ow  n2-ss-slide-18\"><div role=\"note\" class=\"n2-ss-slide--focus\" tabindex=\"-1\">campagneSensibilisation<\/div><div class=\"n2-ss-layers-container n2-ss-slide-limiter n2-ow\"><div class=\"n2-ss-layer n2-ow n-uc-VrPFq0qUWXFL\" data-sstype=\"slide\" data-pm=\"default\"><div class=\"n2-ss-layer n2-ow n-uc-KH0rj7UPBfLw\" data-pm=\"default\" data-sstype=\"content\" data-hasbackground=\"0\"><div class=\"n2-ss-section-main-content n2-ss-layer-with-background n2-ss-layer-content n2-ow n-uc-KH0rj7UPBfLw-inner\"><div class=\"n2-ss-layer n2-ow n-uc-INiJmxpDrD4L\" data-pm=\"normal\" data-sstype=\"layer\"><div id=\"n2-ss-7item2\" class=\"n2-font-11728683d2f21425d2b43c26d45e539b-hover   n2-ss-item-content n2-ss-text n2-ow\" style=\"display:block;\">Compagnie de sensibilisation<\/div><\/div><\/div><\/div><\/div><\/div><\/div>                    <\/div>\n\n                                    <\/div>\n            <\/div>\n        <\/div>\n        <div class=\"n2-ss-slider-controls n2-ss-slider-controls-below\"><div style=\"--widget-offset:10px;\" class=\"n2-ss-widget n2-ss-control-bullet n2-ow-all n2-ss-control-bullet-horizontal\"><div class=\" nextend-bullet-bar n2-bar-justify-content-center\" role=\"group\" aria-label=\"Choose slide to display.\"><div class=\"n2-bullet n2-style-785355f374be86c332d4665aae819858-dot \" style=\"visibility:hidden;\"><\/div><\/div><\/div><\/div><\/div><\/div><ss3-loader><\/ss3-loader><\/div><\/div><div class=\"n2_clear\"><\/div><\/div>\n\n\n<div class=\"wp-block-group alignfull animated slideInRight is-layout-constrained wp-block-group-is-layout-constrained\">\n<div class=\"wp-block-group alignfull is-layout-constrained wp-block-group-is-layout-constrained\">\n<p class=\"animated fadeIn\" style=\"padding-right:15rem\">Nous donnons des services pour des organisations qui font des <strong>campagnes de sensibilisation <\/strong>pour les jeunes. Cela <strong>augmente <\/strong>leur chance de <strong>r\u00e9ussite <\/strong>pour leur campagne.<\/p>\n<\/div>\n\n\n\n<p class=\"animated fadeIn\">Nous offrons ses services suivants (Ne sont pas tous list\u00e9):<\/p>\n\n\n\n<ul class=\"wp-block-list\">\n<li class=\"animated fadeIn\"><strong>Formation de cr\u00e9ation jeu interactive<\/strong><\/li>\n\n\n\n<li class=\"animated fadeIn\"><strong>D\u00e9veloppement de storytelling<\/strong><\/li>\n\n\n\n<li class=\"animated fadeIn\"><strong>Formation de d&rsquo;utilisation d&rsquo;une I.A suivi de performance<\/strong><\/li>\n<\/ul>\n\n\n\n<div class=\"wp-block-buttons animated fadeIn is-content-justification-left is-layout-flex wp-container-core-buttons-is-layout-fc4fd283 wp-block-buttons-is-layout-flex\">\n<div class=\"wp-block-button is-style-outline is-style-outline--2\"><a class=\"wp-block-button__link wp-element-button\" href=\"https:\/\/mroy.dectim.ca\/EnvProfTP2\/wordpress\/formation-de-sensibilisation\/\">EN SAVOIR PLUS<\/a><\/div>\n<\/div>\n<\/div>\n<\/div>\n<\/div>\n\n\n\n<div class=\"wp-block-group alignfull has-background is-layout-constrained wp-block-group-is-layout-constrained\" style=\"background-color:#ffd4c5;padding-top:0.5rem;padding-bottom:60px\">\n<div class=\"wp-block-group is-layout-constrained wp-block-group-is-layout-constrained\">\n<h2 class=\"wp-block-heading has-ast-global-color-2-color has-text-color has-link-color wp-elements-8a05186e178664af7bc95784fa90d05f\" style=\"margin-top:2.25rem\">T\u00e9moignages<\/h2>\n\n\n\n<div class=\"wp-block-media-text alignwide is-stacked-on-mobile media-arrondi animated fadeInLeftBig has-ast-global-color-0-background-color has-background\" style=\"border-top-left-radius:50px;border-top-right-radius:50px;border-bottom-left-radius:50px;border-bottom-right-radius:50px;grid-template-columns:55% auto\"><figure class=\"wp-block-media-text__media\"><img loading=\"lazy\" decoding=\"async\" width=\"1024\" height=\"696\" src=\"https:\/\/mroy.dectim.ca\/EnvProfTP2\/wordpress\/wp-content\/uploads\/2026\/02\/Temoignage1-1024x696.png\" alt=\"\" class=\"wp-image-348 size-full\" srcset=\"https:\/\/mroy.dectim.ca\/EnvProfTP2\/wordpress\/wp-content\/uploads\/2026\/02\/Temoignage1-1024x696.png 1024w, https:\/\/mroy.dectim.ca\/EnvProfTP2\/wordpress\/wp-content\/uploads\/2026\/02\/Temoignage1-300x204.png 300w, https:\/\/mroy.dectim.ca\/EnvProfTP2\/wordpress\/wp-content\/uploads\/2026\/02\/Temoignage1-768x522.png 768w, https:\/\/mroy.dectim.ca\/EnvProfTP2\/wordpress\/wp-content\/uploads\/2026\/02\/Temoignage1.png 1284w\" sizes=\"auto, (max-width: 1024px) 100vw, 1024px\" \/><\/figure><div class=\"wp-block-media-text__content\">\n<div class=\"wp-block-group is-layout-constrained wp-container-core-group-is-layout-3e11c9cf wp-block-group-is-layout-constrained\" style=\"margin-top:0;margin-bottom:0\">\n<h3 class=\"wp-block-heading has-text-align-right\">T\u00e9moignage de Robert Elliot<\/h3>\n\n\n\n<h5 class=\"wp-block-heading has-text-align-right\">Logiciel de simulation<\/h5>\n<\/div>\n\n\n\n<p class=\"has-text-align-right\"><br>Gr\u00e2ce aux services offerts par la compagnie QuadStudio, j&rsquo;ai pu avoir beaucoup plus de pratique. Les simulations m&rsquo;ont offerts des conseils pratiques et les choses que je dois am\u00e9liorer pour pratiquer mon m\u00e9tier.<\/p>\n<\/div><\/div>\n\n\n\n<div class=\"wp-block-media-text alignwide has-media-on-the-right is-stacked-on-mobile is-image-fill-element media-arrondi animated fadeInRightBig has-ast-global-color-0-background-color has-background\" style=\"border-top-left-radius:50px;border-top-right-radius:50px;border-bottom-left-radius:50px;border-bottom-right-radius:50px;margin-bottom:0;grid-template-columns:auto 52%\"><div class=\"wp-block-media-text__content\">\n<div class=\"wp-block-group is-layout-constrained wp-container-core-group-is-layout-e0082cf6 wp-block-group-is-layout-constrained\">\n<h3 class=\"wp-block-heading has-text-align-left\">T\u00e9moignage de Patrice Robitaille<\/h3>\n\n\n\n<h5 class=\"wp-block-heading\">Simulateur de s\u00e9curit\u00e9 de construction<\/h5>\n<\/div>\n\n\n\n<p class=\"has-text-align-left\"><br>QuadStudio a vraiment chang\u00e9 la vie de la compagnie avec les services qu&rsquo;ils nous ont offert. J&rsquo;ai pu constat\u00e9 que les travailleurs ont une meilleure connaissance sur l&rsquo;utilisation des engins et des techniques innovateurs qu&rsquo;ils ont offert aux travailleurs gr\u00e2ce aux formations de simulation.<\/p>\n<\/div><figure class=\"wp-block-media-text__media\"><img loading=\"lazy\" decoding=\"async\" width=\"1024\" height=\"693\" src=\"https:\/\/mroy.dectim.ca\/EnvProfTP2\/wordpress\/wp-content\/uploads\/2026\/02\/TemoignageV3-1024x693.png\" alt=\"\" class=\"wp-image-380 size-full\" style=\"object-position:50% 50%\" srcset=\"https:\/\/mroy.dectim.ca\/EnvProfTP2\/wordpress\/wp-content\/uploads\/2026\/02\/TemoignageV3-1024x693.png 1024w, https:\/\/mroy.dectim.ca\/EnvProfTP2\/wordpress\/wp-content\/uploads\/2026\/02\/TemoignageV3-300x203.png 300w, https:\/\/mroy.dectim.ca\/EnvProfTP2\/wordpress\/wp-content\/uploads\/2026\/02\/TemoignageV3-768x520.png 768w, https:\/\/mroy.dectim.ca\/EnvProfTP2\/wordpress\/wp-content\/uploads\/2026\/02\/TemoignageV3.png 1284w\" sizes=\"auto, (max-width: 1024px) 100vw, 1024px\" \/><\/figure><\/div>\n<\/div>\n<\/div>\n","protected":false},"excerpt":{"rendered":"<p>Nous offrons aux petites compagnies des services pour faire des jeux interactif, VR, etc. qui sensibilisent les gens et des jeux qui aident \u00e0 former les gens dans leur milieux de travail. Formations pour le travail Nous voulons offrir des services \u00e0 des PME, des \u00e9coles. Les PME ont tendances \u00e0 rencontrer des gens qui [&hellip;]<\/p>\n","protected":false},"author":1,"featured_media":0,"parent":0,"menu_order":0,"comment_status":"closed","ping_status":"closed","template":"","meta":{"site-sidebar-layout":"default","site-content-layout":"","ast-site-content-layout":"default","site-content-style":"default","site-sidebar-style":"default","ast-global-header-display":"","ast-banner-title-visibility":"","ast-main-header-display":"","ast-hfb-above-header-display":"","ast-hfb-below-header-display":"","ast-hfb-mobile-header-display":"","site-post-title":"","ast-breadcrumbs-content":"","ast-featured-img":"","footer-sml-layout":"","ast-disable-related-posts":"","theme-transparent-header-meta":"","adv-header-id-meta":"","stick-header-meta":"","header-above-stick-meta":"","header-main-stick-meta":"","header-below-stick-meta":"","astra-migrate-meta-layouts":"default","ast-page-background-enabled":"default","ast-page-background-meta":{"desktop":{"background-color":"var(--ast-global-color-5)","background-image":"","background-repeat":"repeat","background-position":"center center","background-size":"auto","background-attachment":"scroll","background-type":"","background-media":"","overlay-type":"","overlay-color":"","overlay-opacity":"","overlay-gradient":""},"tablet":{"background-color":"","background-image":"","background-repeat":"repeat","background-position":"center center","background-size":"auto","background-attachment":"scroll","background-type":"","background-media":"","overlay-type":"","overlay-color":"","overlay-opacity":"","overlay-gradient":""},"mobile":{"background-color":"","background-image":"","background-repeat":"repeat","background-position":"center center","background-size":"auto","background-attachment":"scroll","background-type":"","background-media":"","overlay-type":"","overlay-color":"","overlay-opacity":"","overlay-gradient":""}},"ast-content-background-meta":{"desktop":{"background-color":"var(--ast-global-color-4)","background-image":"","background-repeat":"repeat","background-position":"center center","background-size":"auto","background-attachment":"scroll","background-type":"","background-media":"","overlay-type":"","overlay-color":"","overlay-opacity":"","overlay-gradient":""},"tablet":{"background-color":"var(--ast-global-color-4)","background-image":"","background-repeat":"repeat","background-position":"center center","background-size":"auto","background-attachment":"scroll","background-type":"","background-media":"","overlay-type":"","overlay-color":"","overlay-opacity":"","overlay-gradient":""},"mobile":{"background-color":"var(--ast-global-color-4)","background-image":"","background-repeat":"repeat","background-position":"center center","background-size":"auto","background-attachment":"scroll","background-type":"","background-media":"","overlay-type":"","overlay-color":"","overlay-opacity":"","overlay-gradient":""}},"footnotes":""},"class_list":["post-13","page","type-page","status-publish","hentry"],"_links":{"self":[{"href":"https:\/\/mroy.dectim.ca\/EnvProfTP2\/wordpress\/wp-json\/wp\/v2\/pages\/13","targetHints":{"allow":["GET"]}}],"collection":[{"href":"https:\/\/mroy.dectim.ca\/EnvProfTP2\/wordpress\/wp-json\/wp\/v2\/pages"}],"about":[{"href":"https:\/\/mroy.dectim.ca\/EnvProfTP2\/wordpress\/wp-json\/wp\/v2\/types\/page"}],"author":[{"embeddable":true,"href":"https:\/\/mroy.dectim.ca\/EnvProfTP2\/wordpress\/wp-json\/wp\/v2\/users\/1"}],"replies":[{"embeddable":true,"href":"https:\/\/mroy.dectim.ca\/EnvProfTP2\/wordpress\/wp-json\/wp\/v2\/comments?post=13"}],"version-history":[{"count":116,"href":"https:\/\/mroy.dectim.ca\/EnvProfTP2\/wordpress\/wp-json\/wp\/v2\/pages\/13\/revisions"}],"predecessor-version":[{"id":1591,"href":"https:\/\/mroy.dectim.ca\/EnvProfTP2\/wordpress\/wp-json\/wp\/v2\/pages\/13\/revisions\/1591"}],"wp:attachment":[{"href":"https:\/\/mroy.dectim.ca\/EnvProfTP2\/wordpress\/wp-json\/wp\/v2\/media?parent=13"}],"curies":[{"name":"wp","href":"https:\/\/api.w.org\/{rel}","templated":true}]}}