{"id":15,"date":"2026-02-03T13:01:47","date_gmt":"2026-02-03T18:01:47","guid":{"rendered":"http:\/\/mroy.dectim.ca\/EnvProfTP2\/wordpress\/?page_id=15"},"modified":"2026-05-01T13:54:17","modified_gmt":"2026-05-01T17:54:17","slug":"notre-equipe","status":"publish","type":"page","link":"https:\/\/mroy.dectim.ca\/EnvProfTP2\/wordpress\/notre-equipe\/","title":{"rendered":"Notre \u00e9quipe"},"content":{"rendered":"\n<div class=\"wp-block-cover alignfull has-ast-global-color-5-color has-text-color has-link-color wp-elements-a98985d455d5ade02276298bc4d499ae\" style=\"margin-bottom:2.25rem\"><img loading=\"lazy\" decoding=\"async\" width=\"1024\" height=\"681\" class=\"wp-block-cover__image-background wp-image-1323 size-large\" alt=\"\" src=\"https:\/\/mroy.dectim.ca\/EnvProfTP2\/wordpress\/wp-content\/uploads\/2026\/04\/equipeHero-1024x681.jpg\" data-object-fit=\"cover\" srcset=\"https:\/\/mroy.dectim.ca\/EnvProfTP2\/wordpress\/wp-content\/uploads\/2026\/04\/equipeHero-1024x681.jpg 1024w, https:\/\/mroy.dectim.ca\/EnvProfTP2\/wordpress\/wp-content\/uploads\/2026\/04\/equipeHero-300x200.jpg 300w, https:\/\/mroy.dectim.ca\/EnvProfTP2\/wordpress\/wp-content\/uploads\/2026\/04\/equipeHero-768x511.jpg 768w, https:\/\/mroy.dectim.ca\/EnvProfTP2\/wordpress\/wp-content\/uploads\/2026\/04\/equipeHero-1536x1022.jpg 1536w, https:\/\/mroy.dectim.ca\/EnvProfTP2\/wordpress\/wp-content\/uploads\/2026\/04\/equipeHero.jpg 1920w\" sizes=\"auto, (max-width: 1024px) 100vw, 1024px\" \/><span aria-hidden=\"true\" class=\"wp-block-cover__background has-ast-global-color-2-background-color has-background-dim\"><\/span><div class=\"wp-block-cover__inner-container is-layout-constrained wp-block-cover-is-layout-constrained\">\n<h1 class=\"wp-block-heading o-typing-delay-100ms o-typing-fast has-ast-global-color-5-color has-text-color has-link-color wp-elements-d2f036ea703b367f81139a07a6a53aa6\"><o-anim-typing>Notre \u00e9quipe<\/o-anim-typing><\/h1>\n<\/div><\/div>\n\n\n\n<p class=\"has-text-align-left\" style=\"margin-bottom:2.4rem;margin-left:var(--wp--preset--spacing--40)\">Voici les membres de <strong>l\u2019\u00e9quipe<\/strong>, tous comp\u00e9tents dans les <em>diff\u00e9rentes branches de cr\u00e9ation<\/em> de jeux vid\u00e9o.<\/p>\n\n\n\n<div class=\"wp-block-group centre animated backInLeft is-content-justification-center is-nowrap is-layout-flex wp-container-core-group-is-layout-32fe7021 wp-block-group-is-layout-flex\" style=\"margin-bottom:0\">\n<div class=\"wp-block-cover carte\" style=\"border-top-left-radius:15px;border-top-right-radius:15px;border-bottom-left-radius:15px;border-bottom-right-radius:15px;min-height:500px;aspect-ratio:unset;\"><img loading=\"lazy\" decoding=\"async\" width=\"923\" height=\"1215\" class=\"wp-block-cover__image-background wp-image-180 size-full\" alt=\"\" src=\"https:\/\/mroy.dectim.ca\/EnvProfTP2\/wordpress\/wp-content\/uploads\/2026\/02\/EmployeNumero6.png\" data-object-fit=\"cover\" srcset=\"https:\/\/mroy.dectim.ca\/EnvProfTP2\/wordpress\/wp-content\/uploads\/2026\/02\/EmployeNumero6.png 923w, https:\/\/mroy.dectim.ca\/EnvProfTP2\/wordpress\/wp-content\/uploads\/2026\/02\/EmployeNumero6-228x300.png 228w, https:\/\/mroy.dectim.ca\/EnvProfTP2\/wordpress\/wp-content\/uploads\/2026\/02\/EmployeNumero6-778x1024.png 778w, https:\/\/mroy.dectim.ca\/EnvProfTP2\/wordpress\/wp-content\/uploads\/2026\/02\/EmployeNumero6-768x1011.png 768w\" sizes=\"auto, (max-width: 923px) 100vw, 923px\" \/><span aria-hidden=\"true\" class=\"wp-block-cover__background has-background-dim\"><\/span><div class=\"wp-block-cover__inner-container is-layout-constrained wp-block-cover-is-layout-constrained\">\n<div class=\"wp-block-group is-layout-constrained wp-block-group-is-layout-constrained\">\n<div class=\"wp-block-group is-layout-constrained wp-container-core-group-is-layout-19e250f3 wp-block-group-is-layout-constrained\">\n<h2 class=\"wp-block-heading has-ast-global-color-5-color has-text-color has-link-color wp-elements-707a7719fe18cf445a3dff2250dd55d7\">John WordPress<\/h2>\n\n\n\n<h3 class=\"wp-block-heading has-ast-global-color-5-color has-text-color has-link-color wp-elements-54b8a63aba3c83af54f5a6dc9b618f11\">Ing\u00e9nieur des donn\u00e9es <\/h3>\n<\/div>\n\n\n\n<div class=\"wp-block-buttons is-layout-flex wp-block-buttons-is-layout-flex\">\n<div class=\"wp-block-button is-style-outline is-style-outline--1\"><a class=\"wp-block-button__link wp-element-button\" href=\"https:\/\/mroy.dectim.ca\/EnvProfTP2\/wordpress\/2026\/02\/03\/rando-8\/\">Voir plus<\/a><\/div>\n<\/div>\n<\/div>\n<\/div><\/div>\n\n\n\n<div class=\"wp-block-cover carte\" style=\"border-top-left-radius:15px;border-top-right-radius:15px;border-bottom-left-radius:15px;border-bottom-right-radius:15px;min-height:500px;aspect-ratio:unset;\"><img loading=\"lazy\" decoding=\"async\" width=\"778\" height=\"1024\" class=\"wp-block-cover__image-background wp-image-197\" alt=\"\" src=\"http:\/\/mroy.dectim.ca\/EnvProfTP2\/wordpress\/wp-content\/uploads\/2026\/02\/Marc-AntoineGuayV1-778x1024.png\" data-object-fit=\"cover\" srcset=\"https:\/\/mroy.dectim.ca\/EnvProfTP2\/wordpress\/wp-content\/uploads\/2026\/02\/Marc-AntoineGuayV1-778x1024.png 778w, https:\/\/mroy.dectim.ca\/EnvProfTP2\/wordpress\/wp-content\/uploads\/2026\/02\/Marc-AntoineGuayV1-228x300.png 228w, https:\/\/mroy.dectim.ca\/EnvProfTP2\/wordpress\/wp-content\/uploads\/2026\/02\/Marc-AntoineGuayV1-768x1011.png 768w, https:\/\/mroy.dectim.ca\/EnvProfTP2\/wordpress\/wp-content\/uploads\/2026\/02\/Marc-AntoineGuayV1.png 923w\" sizes=\"auto, (max-width: 778px) 100vw, 778px\" \/><span aria-hidden=\"true\" class=\"wp-block-cover__background has-background-dim\"><\/span><div class=\"wp-block-cover__inner-container is-layout-constrained wp-block-cover-is-layout-constrained\">\n<div class=\"wp-block-group is-layout-constrained wp-block-group-is-layout-constrained\">\n<div class=\"wp-block-group is-layout-constrained wp-container-core-group-is-layout-19e250f3 wp-block-group-is-layout-constrained\">\n<h2 class=\"wp-block-heading has-ast-global-color-5-color has-text-color has-link-color wp-elements-9e83ebb9ce829f10b91d00149deec871\">Marc-Antoine Guay<\/h2>\n\n\n\n<h3 class=\"wp-block-heading has-ast-global-color-5-color has-text-color has-link-color wp-elements-21fe58d6d5dea4f9192e283f63add226\">Concepteur de jeu<\/h3>\n<\/div>\n\n\n\n<div class=\"wp-block-buttons is-layout-flex wp-block-buttons-is-layout-flex\">\n<div class=\"wp-block-button is-style-outline is-style-outline--3\"><a class=\"wp-block-button__link wp-element-button\" href=\"https:\/\/mroy.dectim.ca\/EnvProfTP2\/wordpress\/2026\/02\/03\/rando-1\/\">Voir plus<\/a><\/div>\n<\/div>\n<\/div>\n<\/div><\/div>\n\n\n\n<div class=\"wp-block-cover carte\" style=\"border-top-left-radius:15px;border-top-right-radius:15px;border-bottom-left-radius:15px;border-bottom-right-radius:15px;min-height:500px;aspect-ratio:unset;\"><img loading=\"lazy\" decoding=\"async\" width=\"778\" height=\"1024\" class=\"wp-block-cover__image-background wp-image-391\" alt=\"\" src=\"http:\/\/mroy.dectim.ca\/EnvProfTP2\/wordpress\/wp-content\/uploads\/2026\/02\/YanV2-1-778x1024.png\" style=\"object-position:30% 47%\" data-object-fit=\"cover\" data-object-position=\"30% 47%\" srcset=\"https:\/\/mroy.dectim.ca\/EnvProfTP2\/wordpress\/wp-content\/uploads\/2026\/02\/YanV2-1-778x1024.png 778w, https:\/\/mroy.dectim.ca\/EnvProfTP2\/wordpress\/wp-content\/uploads\/2026\/02\/YanV2-1-228x300.png 228w, https:\/\/mroy.dectim.ca\/EnvProfTP2\/wordpress\/wp-content\/uploads\/2026\/02\/YanV2-1-768x1011.png 768w, https:\/\/mroy.dectim.ca\/EnvProfTP2\/wordpress\/wp-content\/uploads\/2026\/02\/YanV2-1.png 923w\" sizes=\"auto, (max-width: 778px) 100vw, 778px\" \/><span aria-hidden=\"true\" class=\"wp-block-cover__background has-background-dim\"><\/span><div class=\"wp-block-cover__inner-container is-layout-flow wp-block-cover-is-layout-flow\">\n<div class=\"wp-block-group is-layout-constrained wp-block-group-is-layout-constrained\">\n<div class=\"wp-block-group is-layout-constrained wp-container-core-group-is-layout-19e250f3 wp-block-group-is-layout-constrained\">\n<h2 class=\"wp-block-heading has-ast-global-color-5-color has-text-color has-link-color wp-elements-ca53e1e67f4d16f43cb6126c24b04386\">Yan Ma Hive Dung<\/h2>\n\n\n\n<h3 class=\"wp-block-heading has-ast-global-color-5-color has-text-color has-link-color wp-elements-c4f6e982b298de2c804feaf1809b9023\">Concepteur Sonore<\/h3>\n<\/div>\n\n\n\n<div class=\"wp-block-buttons is-layout-flex wp-container-core-buttons-is-layout-9bedd9bf wp-block-buttons-is-layout-flex\">\n<div class=\"wp-block-button is-style-outline is-style-outline--4\"><a class=\"wp-block-button__link wp-element-button\" href=\"https:\/\/mroy.dectim.ca\/EnvProfTP2\/wordpress\/2026\/02\/03\/yan-ma-hive-dung\/\">Voir plus<\/a><\/div>\n<\/div>\n<\/div>\n<\/div><\/div>\n<\/div>\n\n\n\n<div class=\"wp-block-group centre animated backInRight is-content-justification-center is-nowrap is-layout-flex wp-container-core-group-is-layout-de7a01c6 wp-block-group-is-layout-flex\" style=\"margin-bottom:var(--wp--preset--spacing--50)\">\n<div class=\"wp-block-cover carte\" style=\"border-top-left-radius:15px;border-top-right-radius:15px;border-bottom-left-radius:15px;border-bottom-right-radius:15px;min-height:500px;aspect-ratio:unset;\"><img loading=\"lazy\" decoding=\"async\" width=\"924\" height=\"1215\" class=\"wp-block-cover__image-background wp-image-195 size-full\" alt=\"\" src=\"http:\/\/mroy.dectim.ca\/EnvProfTP2\/wordpress\/wp-content\/uploads\/2026\/02\/HandelV1.png\" data-object-fit=\"cover\" srcset=\"https:\/\/mroy.dectim.ca\/EnvProfTP2\/wordpress\/wp-content\/uploads\/2026\/02\/HandelV1.png 924w, https:\/\/mroy.dectim.ca\/EnvProfTP2\/wordpress\/wp-content\/uploads\/2026\/02\/HandelV1-228x300.png 228w, https:\/\/mroy.dectim.ca\/EnvProfTP2\/wordpress\/wp-content\/uploads\/2026\/02\/HandelV1-779x1024.png 779w, https:\/\/mroy.dectim.ca\/EnvProfTP2\/wordpress\/wp-content\/uploads\/2026\/02\/HandelV1-768x1010.png 768w\" sizes=\"auto, (max-width: 924px) 100vw, 924px\" \/><span aria-hidden=\"true\" class=\"wp-block-cover__background has-ast-global-color-6-background-color has-background-dim\"><\/span><div class=\"wp-block-cover__inner-container is-layout-constrained wp-block-cover-is-layout-constrained\">\n<div class=\"wp-block-group is-layout-constrained wp-block-group-is-layout-constrained\">\n<div class=\"wp-block-group is-layout-constrained wp-container-core-group-is-layout-19e250f3 wp-block-group-is-layout-constrained\">\n<h2 class=\"wp-block-heading has-ast-global-color-5-color has-text-color has-link-color wp-elements-b850d8d7e396b2bdc51b4d57efa8b55a\">Handel Lavoie-Roy<\/h2>\n\n\n\n<h3 class=\"wp-block-heading has-ast-global-color-5-color has-text-color has-link-color wp-elements-3f0dd1caae0e43611935db06c1bf4037\">Programmeuse<\/h3>\n<\/div>\n\n\n\n<div class=\"wp-block-buttons is-layout-flex wp-block-buttons-is-layout-flex\">\n<div class=\"wp-block-button is-style-outline is-style-outline--5\"><a class=\"wp-block-button__link wp-element-button\" href=\"https:\/\/mroy.dectim.ca\/EnvProfTP2\/wordpress\/2026\/02\/03\/handel-lavoie-roy\/\">Voir plus<\/a><\/div>\n<\/div>\n<\/div>\n<\/div><\/div>\n\n\n\n<div class=\"wp-block-cover carte\" style=\"border-top-left-radius:15px;border-top-right-radius:15px;border-bottom-left-radius:15px;border-bottom-right-radius:15px;min-height:500px;aspect-ratio:unset;\"><img loading=\"lazy\" decoding=\"async\" width=\"780\" height=\"1024\" class=\"wp-block-cover__image-background wp-image-193 size-large\" alt=\"\" src=\"http:\/\/mroy.dectim.ca\/EnvProfTP2\/wordpress\/wp-content\/uploads\/2026\/02\/Marc-AntoineV1-780x1024.png\" data-object-fit=\"cover\" srcset=\"https:\/\/mroy.dectim.ca\/EnvProfTP2\/wordpress\/wp-content\/uploads\/2026\/02\/Marc-AntoineV1-780x1024.png 780w, https:\/\/mroy.dectim.ca\/EnvProfTP2\/wordpress\/wp-content\/uploads\/2026\/02\/Marc-AntoineV1-228x300.png 228w, https:\/\/mroy.dectim.ca\/EnvProfTP2\/wordpress\/wp-content\/uploads\/2026\/02\/Marc-AntoineV1-768x1009.png 768w, https:\/\/mroy.dectim.ca\/EnvProfTP2\/wordpress\/wp-content\/uploads\/2026\/02\/Marc-AntoineV1.png 925w\" sizes=\"auto, (max-width: 780px) 100vw, 780px\" \/><span aria-hidden=\"true\" class=\"wp-block-cover__background has-ast-global-color-6-background-color has-background-dim\"><\/span><div class=\"wp-block-cover__inner-container is-layout-constrained wp-block-cover-is-layout-constrained\">\n<div class=\"wp-block-group is-layout-constrained wp-container-core-group-is-layout-19e250f3 wp-block-group-is-layout-constrained\">\n<h2 class=\"wp-block-heading has-ast-global-color-5-color has-text-color has-link-color wp-elements-2a0f69cdb0e6a09ee3204ebc9fc01f2d\">Marc-Antoine Roy<\/h2>\n\n\n\n<h3 class=\"wp-block-heading has-ast-global-color-5-color has-text-color has-link-color wp-elements-b37bcae390bc6150d79da02692982e0e\">Animateur 2D\/3D<\/h3>\n<\/div>\n\n\n\n<div class=\"wp-block-buttons is-layout-flex wp-block-buttons-is-layout-flex\">\n<div class=\"wp-block-button is-style-outline is-style-outline--7\"><a class=\"wp-block-button__link wp-element-button\" href=\"https:\/\/mroy.dectim.ca\/EnvProfTP2\/wordpress\/2026\/02\/03\/marc-antoine-roy\/\">Voir plus<\/a><\/div>\n<\/div>\n<\/div><\/div>\n\n\n\n<div class=\"wp-block-cover carte\" style=\"border-top-left-radius:15px;border-top-right-radius:15px;border-bottom-left-radius:15px;border-bottom-right-radius:15px;min-height:500px;aspect-ratio:unset;\"><img loading=\"lazy\" decoding=\"async\" width=\"777\" height=\"1024\" class=\"wp-block-cover__image-background wp-image-99 size-large\" alt=\"\" src=\"http:\/\/mroy.dectim.ca\/EnvProfTP2\/wordpress\/wp-content\/uploads\/2026\/02\/BillyGreenV2-1-777x1024.png\" style=\"object-position:43% 40%\" data-object-fit=\"cover\" data-object-position=\"43% 40%\" srcset=\"https:\/\/mroy.dectim.ca\/EnvProfTP2\/wordpress\/wp-content\/uploads\/2026\/02\/BillyGreenV2-1-777x1024.png 777w, https:\/\/mroy.dectim.ca\/EnvProfTP2\/wordpress\/wp-content\/uploads\/2026\/02\/BillyGreenV2-1-228x300.png 228w, https:\/\/mroy.dectim.ca\/EnvProfTP2\/wordpress\/wp-content\/uploads\/2026\/02\/BillyGreenV2-1-768x1012.png 768w, https:\/\/mroy.dectim.ca\/EnvProfTP2\/wordpress\/wp-content\/uploads\/2026\/02\/BillyGreenV2-1.png 922w\" sizes=\"auto, (max-width: 777px) 100vw, 777px\" \/><span aria-hidden=\"true\" class=\"wp-block-cover__background has-ast-global-color-6-background-color has-background-dim\"><\/span><div class=\"wp-block-cover__inner-container is-layout-flow wp-block-cover-is-layout-flow\">\n<div class=\"wp-block-group is-layout-constrained wp-block-group-is-layout-constrained\">\n<div class=\"wp-block-group is-layout-constrained wp-container-core-group-is-layout-19e250f3 wp-block-group-is-layout-constrained\">\n<h2 class=\"wp-block-heading has-ast-global-color-5-color has-text-color has-link-color wp-elements-8ef1a500c3c7b326ad5136a72f7a7b0c\">Billy Green<\/h2>\n\n\n\n<h3 class=\"wp-block-heading has-ast-global-color-5-color has-text-color has-link-color wp-elements-3b676a59130a608ea3f0c6f720e48661\">Designer Graphique<\/h3>\n<\/div>\n\n\n\n<div class=\"wp-block-buttons is-layout-flex wp-container-core-buttons-is-layout-9bedd9bf wp-block-buttons-is-layout-flex\">\n<div class=\"wp-block-button is-style-outline is-style-outline--8\"><a class=\"wp-block-button__link wp-element-button\" href=\"https:\/\/mroy.dectim.ca\/EnvProfTP2\/wordpress\/2026\/02\/03\/billy-green\/\">Voir plus<\/a><\/div>\n<\/div>\n<\/div>\n<\/div><\/div>\n<\/div>\n","protected":false},"excerpt":{"rendered":"<p>Voici les membres de l\u2019\u00e9quipe, tous comp\u00e9tents dans les diff\u00e9rentes branches de cr\u00e9ation de jeux vid\u00e9o.<\/p>\n","protected":false},"author":1,"featured_media":0,"parent":0,"menu_order":0,"comment_status":"closed","ping_status":"closed","template":"","meta":{"site-sidebar-layout":"default","site-content-layout":"","ast-site-content-layout":"default","site-content-style":"default","site-sidebar-style":"default","ast-global-header-display":"","ast-banner-title-visibility":"","ast-main-header-display":"","ast-hfb-above-header-display":"","ast-hfb-below-header-display":"","ast-hfb-mobile-header-display":"","site-post-title":"disabled","ast-breadcrumbs-content":"","ast-featured-img":"","footer-sml-layout":"","ast-disable-related-posts":"","theme-transparent-header-meta":"","adv-header-id-meta":"","stick-header-meta":"","header-above-stick-meta":"","header-main-stick-meta":"","header-below-stick-meta":"","astra-migrate-meta-layouts":"default","ast-page-background-enabled":"default","ast-page-background-meta":{"desktop":{"background-color":"var(--ast-global-color-5)","background-image":"","background-repeat":"repeat","background-position":"center center","background-size":"auto","background-attachment":"scroll","background-type":"","background-media":"","overlay-type":"","overlay-color":"","overlay-opacity":"","overlay-gradient":""},"tablet":{"background-color":"","background-image":"","background-repeat":"repeat","background-position":"center center","background-size":"auto","background-attachment":"scroll","background-type":"","background-media":"","overlay-type":"","overlay-color":"","overlay-opacity":"","overlay-gradient":""},"mobile":{"background-color":"","background-image":"","background-repeat":"repeat","background-position":"center center","background-size":"auto","background-attachment":"scroll","background-type":"","background-media":"","overlay-type":"","overlay-color":"","overlay-opacity":"","overlay-gradient":""}},"ast-content-background-meta":{"desktop":{"background-color":"var(--ast-global-color-4)","background-image":"","background-repeat":"repeat","background-position":"center center","background-size":"auto","background-attachment":"scroll","background-type":"","background-media":"","overlay-type":"","overlay-color":"","overlay-opacity":"","overlay-gradient":""},"tablet":{"background-color":"var(--ast-global-color-4)","background-image":"","background-repeat":"repeat","background-position":"center center","background-size":"auto","background-attachment":"scroll","background-type":"","background-media":"","overlay-type":"","overlay-color":"","overlay-opacity":"","overlay-gradient":""},"mobile":{"background-color":"var(--ast-global-color-4)","background-image":"","background-repeat":"repeat","background-position":"center center","background-size":"auto","background-attachment":"scroll","background-type":"","background-media":"","overlay-type":"","overlay-color":"","overlay-opacity":"","overlay-gradient":""}},"footnotes":""},"class_list":["post-15","page","type-page","status-publish","hentry"],"_links":{"self":[{"href":"https:\/\/mroy.dectim.ca\/EnvProfTP2\/wordpress\/wp-json\/wp\/v2\/pages\/15","targetHints":{"allow":["GET"]}}],"collection":[{"href":"https:\/\/mroy.dectim.ca\/EnvProfTP2\/wordpress\/wp-json\/wp\/v2\/pages"}],"about":[{"href":"https:\/\/mroy.dectim.ca\/EnvProfTP2\/wordpress\/wp-json\/wp\/v2\/types\/page"}],"author":[{"embeddable":true,"href":"https:\/\/mroy.dectim.ca\/EnvProfTP2\/wordpress\/wp-json\/wp\/v2\/users\/1"}],"replies":[{"embeddable":true,"href":"https:\/\/mroy.dectim.ca\/EnvProfTP2\/wordpress\/wp-json\/wp\/v2\/comments?post=15"}],"version-history":[{"count":83,"href":"https:\/\/mroy.dectim.ca\/EnvProfTP2\/wordpress\/wp-json\/wp\/v2\/pages\/15\/revisions"}],"predecessor-version":[{"id":1503,"href":"https:\/\/mroy.dectim.ca\/EnvProfTP2\/wordpress\/wp-json\/wp\/v2\/pages\/15\/revisions\/1503"}],"wp:attachment":[{"href":"https:\/\/mroy.dectim.ca\/EnvProfTP2\/wordpress\/wp-json\/wp\/v2\/media?parent=15"}],"curies":[{"name":"wp","href":"https:\/\/api.w.org\/{rel}","templated":true}]}}