{"id":532,"date":"2026-03-19T17:16:07","date_gmt":"2026-03-19T21:16:07","guid":{"rendered":"https:\/\/mroy.dectim.ca\/EnvProfTP2\/wordpress\/?page_id=532"},"modified":"2026-04-26T17:00:40","modified_gmt":"2026-04-26T21:00:40","slug":"gabarit-dun-projet","status":"publish","type":"page","link":"https:\/\/mroy.dectim.ca\/EnvProfTP2\/wordpress\/gabarit-dun-projet\/","title":{"rendered":"Gabarit d&rsquo;un projet"},"content":{"rendered":"\n<div class=\"wp-block-cover alignfull has-custom-content-position is-position-bottom-center\" style=\"margin-top:0;margin-bottom:0;padding-top:var(--wp--preset--spacing--70);padding-right:var(--wp--preset--spacing--50);padding-bottom:var(--wp--preset--spacing--70);padding-left:var(--wp--preset--spacing--50);min-height:430px;aspect-ratio:unset;\"><img loading=\"lazy\" decoding=\"async\" width=\"960\" height=\"540\" class=\"wp-block-cover__image-background wp-image-535 size-full\" alt=\"\" src=\"https:\/\/mroy.dectim.ca\/EnvProfTP2\/wordpress\/wp-content\/uploads\/2026\/03\/0029-1.png\" style=\"object-position:8% 54%\" data-object-fit=\"cover\" data-object-position=\"8% 54%\" srcset=\"https:\/\/mroy.dectim.ca\/EnvProfTP2\/wordpress\/wp-content\/uploads\/2026\/03\/0029-1.png 960w, https:\/\/mroy.dectim.ca\/EnvProfTP2\/wordpress\/wp-content\/uploads\/2026\/03\/0029-1-300x169.png 300w, https:\/\/mroy.dectim.ca\/EnvProfTP2\/wordpress\/wp-content\/uploads\/2026\/03\/0029-1-768x432.png 768w\" sizes=\"auto, (max-width: 960px) 100vw, 960px\" \/><span aria-hidden=\"true\" class=\"wp-block-cover__background has-background-dim-60 has-background-dim\" style=\"background-color:#2b3e4e\"><\/span><div class=\"wp-block-cover__inner-container is-layout-constrained wp-container-core-cover-is-layout-d4b13a1d wp-block-cover-is-layout-constrained\">\n<div class=\"wp-block-group .heroportfolio is-horizontal is-content-justification-space-between is-nowrap is-layout-flex wp-container-core-group-is-layout-d5bb4a19 wp-block-group-is-layout-flex\" style=\"margin-top:0;margin-bottom:0;padding-right:var(--wp--preset--spacing--20);padding-left:var(--wp--preset--spacing--20)\">\n<div class=\"wp-block-group is-vertical is-layout-flex wp-container-core-group-is-layout-b1a9a1e8 wp-block-group-is-layout-flex\" style=\"min-height:0px;margin-top:0;margin-bottom:0;padding-right:0;padding-left:0\">\n<h1 class=\"wp-block-heading has-ast-global-color-5-color has-text-color has-link-color wp-elements-fcd12f6c3ae08daeadfec05e8e6c2278\">Kamino<\/h1>\n\n\n\n<h4 class=\"wp-block-heading has-ast-global-color-0-color has-text-color has-link-color has-medium-font-size wp-elements-00f01c87c836332b04e5bbe359bf8e2b\">Marc-Antoine Roy<\/h4>\n<\/div>\n\n\n\n<div class=\"wp-block-group is-content-justification-space-between is-nowrap is-layout-flex wp-container-core-group-is-layout-b7611b98 wp-block-group-is-layout-flex\" style=\"min-height:0px;margin-top:0;margin-bottom:0;padding-right:0;padding-left:0\">\n<figure class=\"wp-block-image size-medium has-custom-border wp-container-content-759e20a8\"><img loading=\"lazy\" decoding=\"async\" width=\"300\" height=\"245\" src=\"https:\/\/mroy.dectim.ca\/EnvProfTP2\/wordpress\/wp-content\/uploads\/2026\/04\/Blender_logo_no_text.svg_-300x245.png\" alt=\"\" class=\"wp-image-1042\" style=\"border-top-left-radius:0px;border-top-right-radius:0px;border-bottom-left-radius:0px;border-bottom-right-radius:0px;object-fit:cover\" srcset=\"https:\/\/mroy.dectim.ca\/EnvProfTP2\/wordpress\/wp-content\/uploads\/2026\/04\/Blender_logo_no_text.svg_-300x245.png 300w, https:\/\/mroy.dectim.ca\/EnvProfTP2\/wordpress\/wp-content\/uploads\/2026\/04\/Blender_logo_no_text.svg_-1024x837.png 1024w, https:\/\/mroy.dectim.ca\/EnvProfTP2\/wordpress\/wp-content\/uploads\/2026\/04\/Blender_logo_no_text.svg_-768x628.png 768w, https:\/\/mroy.dectim.ca\/EnvProfTP2\/wordpress\/wp-content\/uploads\/2026\/04\/Blender_logo_no_text.svg_-1536x1256.png 1536w, https:\/\/mroy.dectim.ca\/EnvProfTP2\/wordpress\/wp-content\/uploads\/2026\/04\/Blender_logo_no_text.svg_-2048x1675.png 2048w\" sizes=\"auto, (max-width: 300px) 100vw, 300px\" \/><\/figure>\n\n\n\n<figure class=\"wp-block-image size-large wp-container-content-759e20a8\"><img loading=\"lazy\" decoding=\"async\" width=\"1024\" height=\"999\" src=\"http:\/\/mroy.dectim.ca\/EnvProfTP2\/wordpress\/wp-content\/uploads\/2026\/03\/Adobe_After_Effects_CC_icon.svg_-1024x999.png\" alt=\"\" class=\"wp-image-537\" srcset=\"https:\/\/mroy.dectim.ca\/EnvProfTP2\/wordpress\/wp-content\/uploads\/2026\/03\/Adobe_After_Effects_CC_icon.svg_-1024x999.png 1024w, https:\/\/mroy.dectim.ca\/EnvProfTP2\/wordpress\/wp-content\/uploads\/2026\/03\/Adobe_After_Effects_CC_icon.svg_-300x293.png 300w, https:\/\/mroy.dectim.ca\/EnvProfTP2\/wordpress\/wp-content\/uploads\/2026\/03\/Adobe_After_Effects_CC_icon.svg_-768x749.png 768w, https:\/\/mroy.dectim.ca\/EnvProfTP2\/wordpress\/wp-content\/uploads\/2026\/03\/Adobe_After_Effects_CC_icon.svg_.png 1051w\" sizes=\"auto, (max-width: 1024px) 100vw, 1024px\" \/><\/figure>\n<\/div>\n<\/div>\n<\/div><\/div>\n\n\n\n<p><\/p>\n\n\n\n<div class=\"wp-block-group is-nowrap is-layout-flex wp-container-core-group-is-layout-ecfdafea wp-block-group-is-layout-flex\" style=\"padding-top:var(--wp--preset--spacing--50);padding-right:0;padding-bottom:var(--wp--preset--spacing--50);padding-left:0\">\n<div class=\"wp-block-group is-layout-constrained wp-block-group-is-layout-constrained\">\n<h2 class=\"wp-block-heading\">Contexte du projet<\/h2>\n\n\n\n<p>Ce projet \u00e0 \u00e9t\u00e9 r\u00e9alis\u00e9 dans le contexte du cours d&rsquo;animation multim\u00e9dia. Cr\u00e9er avec les logiciels <strong>blender <\/strong>pour l&rsquo;animation, <strong>After-effects<\/strong> pour le montages des frames et <strong>Premier pro<\/strong> pour le montage vid\u00e9o.<\/p>\n<\/div>\n\n\n\n<div class=\"wp-block-group is-layout-constrained wp-block-group-is-layout-constrained\">\n<h2 class=\"wp-block-heading\">Notre contribution<\/h2>\n\n\n\n<p>Le projet \u00e0 \u00e9t\u00e9 r\u00e9aliser 100% par moi, Marc-Antoine Roy. J&rsquo;ai fait la mod\u00e9lisation du vaisseau, de la plan\u00e8te, de la cit\u00e9 sur l&rsquo;eau et des nuages. J&rsquo;ai fait les animation pour le vaisseau, incluant les mouvements et les pied d&rsquo;atterissage.<\/p>\n<\/div>\n<\/div>\n\n\n\n<div style=\"height:50px\" aria-hidden=\"true\" class=\"wp-block-spacer\"><\/div>\n\n\n\n<div class=\"wp-block-group alignfull has-background is-layout-constrained wp-block-group-is-layout-constrained\" style=\"background-color:#ffd4c5;padding-top:var(--wp--preset--spacing--80);padding-bottom:var(--wp--preset--spacing--80)\">\n<div class=\"wp-block-group is-layout-grid wp-container-core-group-is-layout-b59b76b8 wp-block-group-is-layout-grid\" style=\"min-height:0px;margin-top:var(--wp--preset--spacing--40);margin-bottom:var(--wp--preset--spacing--40);padding-top:0;padding-right:0;padding-bottom:0;padding-left:0\">\n<div class=\"wp-block-group is-layout-constrained wp-block-group-is-layout-constrained\" style=\"padding-top:0;padding-bottom:0\">\n<div class=\"wp-block-group is-nowrap is-layout-flex wp-container-core-group-is-layout-8f32cfaa wp-block-group-is-layout-flex\" style=\"padding-top:0;padding-right:0;padding-bottom:0;padding-left:0\">\n<h1 class=\"wp-block-heading has-text-align-left has-border-color has-ast-global-color-0-background-color has-background has-large-font-size wp-container-content-1dabbf03\" style=\"border-color:var(--ast-global-color-8);border-style:solid;border-width:4px;border-top-left-radius:100px;border-top-right-radius:100px;border-bottom-left-radius:100px;border-bottom-right-radius:100px;margin-top:0;margin-left:0;padding-top:0;padding-right:var(--wp--preset--spacing--30);padding-bottom:0;padding-left:var(--wp--preset--spacing--30)\">1<\/h1>\n\n\n\n<h3 class=\"wp-block-heading\">Mod\u00e9lisation<\/h3>\n<\/div>\n\n\n\n<p>Le projet a commencer avec la mod\u00e9lisation du vaisseau et de l&rsquo;environnement. Ainsi que le rigging pour les pied d&rsquo;atterrissage pour les pr\u00e9parer \u00e0 l&rsquo;animation.<\/p>\n<\/div>\n\n\n\n<figure data-wp-context=\"{&quot;imageId&quot;:&quot;69fbf1c0d7904&quot;}\" data-wp-interactive=\"core\/image\" data-wp-key=\"69fbf1c0d7904\" class=\"wp-block-image size-large has-custom-border is-style-rounded wp-container-content-bd3ceee6 wp-lightbox-container\" style=\"margin-top:0px;margin-right:0;margin-bottom:0px;margin-left:0\"><img loading=\"lazy\" decoding=\"async\" width=\"1024\" height=\"547\" data-wp-class--hide=\"state.isContentHidden\" data-wp-class--show=\"state.isContentVisible\" data-wp-init=\"callbacks.setButtonStyles\" data-wp-on--click=\"actions.showLightbox\" data-wp-on--load=\"callbacks.setButtonStyles\" data-wp-on-window--resize=\"callbacks.setButtonStyles\" src=\"https:\/\/mroy.dectim.ca\/EnvProfTP2\/wordpress\/wp-content\/uploads\/2026\/04\/Screenshot-2026-02-27-213829-1024x547.png\" alt=\"\" class=\"has-border-color has-ast-global-color-8-border-color wp-image-1022\" style=\"border-width:4px;border-top-left-radius:21px;border-top-right-radius:21px;border-bottom-left-radius:21px;border-bottom-right-radius:21px;object-fit:cover\" srcset=\"https:\/\/mroy.dectim.ca\/EnvProfTP2\/wordpress\/wp-content\/uploads\/2026\/04\/Screenshot-2026-02-27-213829-1024x547.png 1024w, https:\/\/mroy.dectim.ca\/EnvProfTP2\/wordpress\/wp-content\/uploads\/2026\/04\/Screenshot-2026-02-27-213829-300x160.png 300w, https:\/\/mroy.dectim.ca\/EnvProfTP2\/wordpress\/wp-content\/uploads\/2026\/04\/Screenshot-2026-02-27-213829-768x411.png 768w, https:\/\/mroy.dectim.ca\/EnvProfTP2\/wordpress\/wp-content\/uploads\/2026\/04\/Screenshot-2026-02-27-213829-1536x821.png 1536w, https:\/\/mroy.dectim.ca\/EnvProfTP2\/wordpress\/wp-content\/uploads\/2026\/04\/Screenshot-2026-02-27-213829.png 1904w\" sizes=\"auto, (max-width: 1024px) 100vw, 1024px\" \/><button\n\t\t\tclass=\"lightbox-trigger\"\n\t\t\ttype=\"button\"\n\t\t\taria-haspopup=\"dialog\"\n\t\t\taria-label=\"Agrandir\"\n\t\t\tdata-wp-init=\"callbacks.initTriggerButton\"\n\t\t\tdata-wp-on--click=\"actions.showLightbox\"\n\t\t\tdata-wp-style--right=\"state.imageButtonRight\"\n\t\t\tdata-wp-style--top=\"state.imageButtonTop\"\n\t\t>\n\t\t\t<svg xmlns=\"http:\/\/www.w3.org\/2000\/svg\" width=\"12\" height=\"12\" fill=\"none\" viewBox=\"0 0 12 12\">\n\t\t\t\t<path fill=\"#fff\" d=\"M2 0a2 2 0 0 0-2 2v2h1.5V2a.5.5 0 0 1 .5-.5h2V0H2Zm2 10.5H2a.5.5 0 0 1-.5-.5V8H0v2a2 2 0 0 0 2 2h2v-1.5ZM8 12v-1.5h2a.5.5 0 0 0 .5-.5V8H12v2a2 2 0 0 1-2 2H8Zm2-12a2 2 0 0 1 2 2v2h-1.5V2a.5.5 0 0 0-.5-.5H8V0h2Z\" \/>\n\t\t\t<\/svg>\n\t\t<\/button><\/figure>\n<\/div>\n\n\n\n<div style=\"height:40px\" aria-hidden=\"true\" class=\"wp-block-spacer\"><\/div>\n\n\n\n<div class=\"wp-block-group is-layout-grid wp-container-core-group-is-layout-1ffd36ad wp-block-group-is-layout-grid\" style=\"margin-top:0;margin-bottom:0;padding-top:0;padding-right:0;padding-bottom:0;padding-left:0\">\n<figure data-wp-context=\"{&quot;imageId&quot;:&quot;69fbf1c0d7d7a&quot;}\" data-wp-interactive=\"core\/image\" data-wp-key=\"69fbf1c0d7d7a\" class=\"wp-block-image size-large has-custom-border wp-lightbox-container\" style=\"margin-top:0;margin-bottom:0\"><img loading=\"lazy\" decoding=\"async\" width=\"1024\" height=\"540\" data-wp-class--hide=\"state.isContentHidden\" data-wp-class--show=\"state.isContentVisible\" data-wp-init=\"callbacks.setButtonStyles\" data-wp-on--click=\"actions.showLightbox\" data-wp-on--load=\"callbacks.setButtonStyles\" data-wp-on-window--resize=\"callbacks.setButtonStyles\" src=\"http:\/\/mroy.dectim.ca\/EnvProfTP2\/wordpress\/wp-content\/uploads\/2026\/04\/Screenshot-2026-03-02-202443-1024x540.png\" alt=\"\" class=\"has-border-color has-ast-global-color-8-border-color wp-image-1026\" style=\"border-width:4px;border-top-left-radius:21px;border-top-right-radius:21px;border-bottom-left-radius:21px;border-bottom-right-radius:21px\" srcset=\"https:\/\/mroy.dectim.ca\/EnvProfTP2\/wordpress\/wp-content\/uploads\/2026\/04\/Screenshot-2026-03-02-202443-1024x540.png 1024w, https:\/\/mroy.dectim.ca\/EnvProfTP2\/wordpress\/wp-content\/uploads\/2026\/04\/Screenshot-2026-03-02-202443-300x158.png 300w, https:\/\/mroy.dectim.ca\/EnvProfTP2\/wordpress\/wp-content\/uploads\/2026\/04\/Screenshot-2026-03-02-202443-768x405.png 768w, https:\/\/mroy.dectim.ca\/EnvProfTP2\/wordpress\/wp-content\/uploads\/2026\/04\/Screenshot-2026-03-02-202443-1536x810.png 1536w, https:\/\/mroy.dectim.ca\/EnvProfTP2\/wordpress\/wp-content\/uploads\/2026\/04\/Screenshot-2026-03-02-202443.png 1912w\" sizes=\"auto, (max-width: 1024px) 100vw, 1024px\" \/><button\n\t\t\tclass=\"lightbox-trigger\"\n\t\t\ttype=\"button\"\n\t\t\taria-haspopup=\"dialog\"\n\t\t\taria-label=\"Agrandir\"\n\t\t\tdata-wp-init=\"callbacks.initTriggerButton\"\n\t\t\tdata-wp-on--click=\"actions.showLightbox\"\n\t\t\tdata-wp-style--right=\"state.imageButtonRight\"\n\t\t\tdata-wp-style--top=\"state.imageButtonTop\"\n\t\t>\n\t\t\t<svg xmlns=\"http:\/\/www.w3.org\/2000\/svg\" width=\"12\" height=\"12\" fill=\"none\" viewBox=\"0 0 12 12\">\n\t\t\t\t<path fill=\"#fff\" d=\"M2 0a2 2 0 0 0-2 2v2h1.5V2a.5.5 0 0 1 .5-.5h2V0H2Zm2 10.5H2a.5.5 0 0 1-.5-.5V8H0v2a2 2 0 0 0 2 2h2v-1.5ZM8 12v-1.5h2a.5.5 0 0 0 .5-.5V8H12v2a2 2 0 0 1-2 2H8Zm2-12a2 2 0 0 1 2 2v2h-1.5V2a.5.5 0 0 0-.5-.5H8V0h2Z\" \/>\n\t\t\t<\/svg>\n\t\t<\/button><\/figure>\n\n\n\n<div class=\"wp-block-group is-layout-constrained wp-block-group-is-layout-constrained\">\n<div class=\"wp-block-group is-nowrap is-layout-flex wp-container-core-group-is-layout-8f32cfaa wp-block-group-is-layout-flex\" style=\"padding-top:0;padding-right:0;padding-bottom:0;padding-left:0\">\n<h3 class=\"wp-block-heading has-text-align-left has-border-color has-ast-global-color-0-background-color has-background has-large-font-size wp-container-content-1dabbf03\" style=\"border-color:var(--ast-global-color-8);border-style:solid;border-width:4px;border-top-left-radius:100px;border-top-right-radius:100px;border-bottom-left-radius:100px;border-bottom-right-radius:100px;margin-top:0;margin-left:0;padding-top:0;padding-right:var(--wp--preset--spacing--30);padding-bottom:0;padding-left:var(--wp--preset--spacing--30)\">2<\/h3>\n\n\n\n<h3 class=\"wp-block-heading\">Textures et mat\u00e9riaux<\/h3>\n<\/div>\n\n\n\n<p>Ensuite, l&rsquo;\u00e9tape 2 consiste \u00e0 faire les textures, puisque dans le contexte du projet chaque texture devais \u00eatre faits \u00e0 la main, tout a \u00e9t\u00e9 fait en proc\u00e9dural. Ensuite j&rsquo;ai travaill\u00e9 sur les animation du vaisseau.<\/p>\n<\/div>\n<\/div>\n\n\n\n<div style=\"height:40px\" aria-hidden=\"true\" class=\"wp-block-spacer\"><\/div>\n\n\n\n<div class=\"wp-block-group is-layout-grid wp-container-core-group-is-layout-1ffd36ad wp-block-group-is-layout-grid\" style=\"margin-top:0;margin-bottom:0;padding-top:0;padding-right:0;padding-bottom:0;padding-left:0\">\n<div class=\"wp-block-group is-layout-constrained wp-block-group-is-layout-constrained\">\n<div class=\"wp-block-group is-nowrap is-layout-flex wp-container-core-group-is-layout-8f32cfaa wp-block-group-is-layout-flex\" style=\"padding-top:0;padding-right:0;padding-bottom:0;padding-left:0\">\n<h3 class=\"wp-block-heading has-text-align-left has-border-color has-ast-global-color-0-background-color has-background has-large-font-size wp-container-content-1dabbf03\" style=\"border-color:var(--ast-global-color-8);border-style:solid;border-width:4px;border-top-left-radius:100px;border-top-right-radius:100px;border-bottom-left-radius:100px;border-bottom-right-radius:100px;margin-top:0;margin-left:0;padding-top:0;padding-right:var(--wp--preset--spacing--30);padding-bottom:0;padding-left:var(--wp--preset--spacing--30)\">3<\/h3>\n\n\n\n<h3 class=\"wp-block-heading\">Rendu et montage<\/h3>\n<\/div>\n\n\n\n<p>Puis finallement le rendu final du projet sur blender, et le montage sur After-effects et Premier Pro. En premier j&rsquo;ai mit mes images (environ 600) dans After-Effects pour en faire une vid\u00e9o, puis ensuite sur premier pro, j&rsquo;ai rajouter les sons et les titres.<\/p>\n<\/div>\n\n\n\n<figure data-wp-context=\"{&quot;imageId&quot;:&quot;69fbf1c0d8507&quot;}\" data-wp-interactive=\"core\/image\" data-wp-key=\"69fbf1c0d8507\" class=\"wp-block-image size-full has-custom-border wp-lightbox-container\" style=\"margin-top:0;margin-bottom:0\"><img loading=\"lazy\" decoding=\"async\" width=\"1907\" height=\"1012\" data-wp-class--hide=\"state.isContentHidden\" data-wp-class--show=\"state.isContentVisible\" data-wp-init=\"callbacks.setButtonStyles\" data-wp-on--click=\"actions.showLightbox\" data-wp-on--load=\"callbacks.setButtonStyles\" data-wp-on-window--resize=\"callbacks.setButtonStyles\" src=\"http:\/\/mroy.dectim.ca\/EnvProfTP2\/wordpress\/wp-content\/uploads\/2026\/04\/Screenshot-2026-03-02-204635.png\" alt=\"\" class=\"has-border-color has-ast-global-color-8-border-color wp-image-1031\" style=\"border-width:4px;border-top-left-radius:21px;border-top-right-radius:21px;border-bottom-left-radius:21px;border-bottom-right-radius:21px\" srcset=\"https:\/\/mroy.dectim.ca\/EnvProfTP2\/wordpress\/wp-content\/uploads\/2026\/04\/Screenshot-2026-03-02-204635.png 1907w, https:\/\/mroy.dectim.ca\/EnvProfTP2\/wordpress\/wp-content\/uploads\/2026\/04\/Screenshot-2026-03-02-204635-300x159.png 300w, https:\/\/mroy.dectim.ca\/EnvProfTP2\/wordpress\/wp-content\/uploads\/2026\/04\/Screenshot-2026-03-02-204635-1024x543.png 1024w, https:\/\/mroy.dectim.ca\/EnvProfTP2\/wordpress\/wp-content\/uploads\/2026\/04\/Screenshot-2026-03-02-204635-768x408.png 768w, https:\/\/mroy.dectim.ca\/EnvProfTP2\/wordpress\/wp-content\/uploads\/2026\/04\/Screenshot-2026-03-02-204635-1536x815.png 1536w\" sizes=\"auto, (max-width: 1907px) 100vw, 1907px\" \/><button\n\t\t\tclass=\"lightbox-trigger\"\n\t\t\ttype=\"button\"\n\t\t\taria-haspopup=\"dialog\"\n\t\t\taria-label=\"Agrandir\"\n\t\t\tdata-wp-init=\"callbacks.initTriggerButton\"\n\t\t\tdata-wp-on--click=\"actions.showLightbox\"\n\t\t\tdata-wp-style--right=\"state.imageButtonRight\"\n\t\t\tdata-wp-style--top=\"state.imageButtonTop\"\n\t\t>\n\t\t\t<svg xmlns=\"http:\/\/www.w3.org\/2000\/svg\" width=\"12\" height=\"12\" fill=\"none\" viewBox=\"0 0 12 12\">\n\t\t\t\t<path fill=\"#fff\" d=\"M2 0a2 2 0 0 0-2 2v2h1.5V2a.5.5 0 0 1 .5-.5h2V0H2Zm2 10.5H2a.5.5 0 0 1-.5-.5V8H0v2a2 2 0 0 0 2 2h2v-1.5ZM8 12v-1.5h2a.5.5 0 0 0 .5-.5V8H12v2a2 2 0 0 1-2 2H8Zm2-12a2 2 0 0 1 2 2v2h-1.5V2a.5.5 0 0 0-.5-.5H8V0h2Z\" \/>\n\t\t\t<\/svg>\n\t\t<\/button><\/figure>\n<\/div>\n<\/div>\n\n\n\n<div style=\"height:50px\" aria-hidden=\"true\" class=\"wp-block-spacer\"><\/div>\n\n\n\n<h2 class=\"wp-block-heading\">D\u00e9fis rencontr\u00e9s<\/h2>\n\n\n\n<p>Peu de probl\u00e8mes ont \u00e9t\u00e9 rencontr\u00e9 durant la production du projet, le plus gros \u00e9tait que lors de mon rendu pour une raison simple mon ciel ne s&rsquo;affichait plus, j&rsquo;avais oublier de le mettre au rendu et non juste sur la calque de la vue 3D sur blender.<\/p>\n\n\n\n<div style=\"height:50px\" aria-hidden=\"true\" class=\"wp-block-spacer\"><\/div>\n\n\n\n<div class=\"wp-block-group alignfull has-background is-layout-constrained wp-block-group-is-layout-constrained\" style=\"background-color:#ffd4c5;padding-top:var(--wp--preset--spacing--80);padding-bottom:var(--wp--preset--spacing--80)\">\n<h2 class=\"wp-block-heading\">Rendu final<\/h2>\n\n\n\n<figure class=\"wp-block-embed is-type-video is-provider-youtube wp-block-embed-youtube wp-embed-aspect-16-9 wp-has-aspect-ratio\"><div class=\"wp-block-embed__wrapper\">\n<iframe loading=\"lazy\" title=\"Roy M A Vaisseau TP1\" width=\"500\" height=\"281\" src=\"https:\/\/www.youtube.com\/embed\/F2kG-yfkISs?feature=oembed\" frameborder=\"0\" allow=\"accelerometer; autoplay; clipboard-write; encrypted-media; gyroscope; picture-in-picture; web-share\" referrerpolicy=\"strict-origin-when-cross-origin\" allowfullscreen><\/iframe>\n<\/div><\/figure>\n<\/div>\n\n\n\n<p><\/p>\n","protected":false},"excerpt":{"rendered":"<p>Contexte du projet Ce projet \u00e0 \u00e9t\u00e9 r\u00e9alis\u00e9 dans le contexte du cours d&rsquo;animation multim\u00e9dia. Cr\u00e9er avec les logiciels blender pour l&rsquo;animation, After-effects pour le montages des frames et Premier pro pour le montage vid\u00e9o. Notre contribution Le projet \u00e0 \u00e9t\u00e9 r\u00e9aliser 100% par moi, Marc-Antoine Roy. J&rsquo;ai fait la mod\u00e9lisation du vaisseau, de la [&hellip;]<\/p>\n","protected":false},"author":2,"featured_media":0,"parent":0,"menu_order":0,"comment_status":"closed","ping_status":"closed","template":"","meta":{"site-sidebar-layout":"default","site-content-layout":"","ast-site-content-layout":"default","site-content-style":"default","site-sidebar-style":"default","ast-global-header-display":"","ast-banner-title-visibility":"","ast-main-header-display":"","ast-hfb-above-header-display":"","ast-hfb-below-header-display":"","ast-hfb-mobile-header-display":"","site-post-title":"disabled","ast-breadcrumbs-content":"","ast-featured-img":"","footer-sml-layout":"","ast-disable-related-posts":"","theme-transparent-header-meta":"","adv-header-id-meta":"","stick-header-meta":"","header-above-stick-meta":"","header-main-stick-meta":"","header-below-stick-meta":"","astra-migrate-meta-layouts":"default","ast-page-background-enabled":"default","ast-page-background-meta":{"desktop":{"background-color":"var(--ast-global-color-5)","background-image":"","background-repeat":"repeat","background-position":"center center","background-size":"auto","background-attachment":"scroll","background-type":"","background-media":"","overlay-type":"","overlay-color":"","overlay-opacity":"","overlay-gradient":""},"tablet":{"background-color":"","background-image":"","background-repeat":"repeat","background-position":"center center","background-size":"auto","background-attachment":"scroll","background-type":"","background-media":"","overlay-type":"","overlay-color":"","overlay-opacity":"","overlay-gradient":""},"mobile":{"background-color":"","background-image":"","background-repeat":"repeat","background-position":"center center","background-size":"auto","background-attachment":"scroll","background-type":"","background-media":"","overlay-type":"","overlay-color":"","overlay-opacity":"","overlay-gradient":""}},"ast-content-background-meta":{"desktop":{"background-color":"var(--ast-global-color-4)","background-image":"","background-repeat":"repeat","background-position":"center center","background-size":"auto","background-attachment":"scroll","background-type":"","background-media":"","overlay-type":"","overlay-color":"","overlay-opacity":"","overlay-gradient":""},"tablet":{"background-color":"var(--ast-global-color-4)","background-image":"","background-repeat":"repeat","background-position":"center center","background-size":"auto","background-attachment":"scroll","background-type":"","background-media":"","overlay-type":"","overlay-color":"","overlay-opacity":"","overlay-gradient":""},"mobile":{"background-color":"var(--ast-global-color-4)","background-image":"","background-repeat":"repeat","background-position":"center center","background-size":"auto","background-attachment":"scroll","background-type":"","background-media":"","overlay-type":"","overlay-color":"","overlay-opacity":"","overlay-gradient":""}},"footnotes":""},"class_list":["post-532","page","type-page","status-publish","hentry"],"_links":{"self":[{"href":"https:\/\/mroy.dectim.ca\/EnvProfTP2\/wordpress\/wp-json\/wp\/v2\/pages\/532","targetHints":{"allow":["GET"]}}],"collection":[{"href":"https:\/\/mroy.dectim.ca\/EnvProfTP2\/wordpress\/wp-json\/wp\/v2\/pages"}],"about":[{"href":"https:\/\/mroy.dectim.ca\/EnvProfTP2\/wordpress\/wp-json\/wp\/v2\/types\/page"}],"author":[{"embeddable":true,"href":"https:\/\/mroy.dectim.ca\/EnvProfTP2\/wordpress\/wp-json\/wp\/v2\/users\/2"}],"replies":[{"embeddable":true,"href":"https:\/\/mroy.dectim.ca\/EnvProfTP2\/wordpress\/wp-json\/wp\/v2\/comments?post=532"}],"version-history":[{"count":55,"href":"https:\/\/mroy.dectim.ca\/EnvProfTP2\/wordpress\/wp-json\/wp\/v2\/pages\/532\/revisions"}],"predecessor-version":[{"id":1450,"href":"https:\/\/mroy.dectim.ca\/EnvProfTP2\/wordpress\/wp-json\/wp\/v2\/pages\/532\/revisions\/1450"}],"wp:attachment":[{"href":"https:\/\/mroy.dectim.ca\/EnvProfTP2\/wordpress\/wp-json\/wp\/v2\/media?parent=532"}],"curies":[{"name":"wp","href":"https:\/\/api.w.org\/{rel}","templated":true}]}}