{"id":8,"date":"2026-02-03T13:01:22","date_gmt":"2026-02-03T18:01:22","guid":{"rendered":"http:\/\/mroy.dectim.ca\/EnvProfTP2\/wordpress\/?page_id=8"},"modified":"2026-05-05T09:47:05","modified_gmt":"2026-05-05T13:47:05","slug":"a-propos","status":"publish","type":"page","link":"https:\/\/mroy.dectim.ca\/EnvProfTP2\/wordpress\/a-propos\/","title":{"rendered":"Qui sommes nous?"},"content":{"rendered":"\n<div class=\"wp-block-cover alignfull wp-duotone-unset-1\" style=\"margin-bottom:var(--wp--preset--spacing--60)\"><img loading=\"lazy\" decoding=\"async\" width=\"2560\" height=\"1707\" class=\"wp-block-cover__image-background wp-image-154 size-full\" alt=\"\" src=\"https:\/\/mroy.dectim.ca\/EnvProfTP2\/wordpress\/wp-content\/uploads\/2026\/02\/image-6-scaled.png\" style=\"object-position:60% 45%\" data-object-fit=\"cover\" data-object-position=\"60% 45%\" srcset=\"https:\/\/mroy.dectim.ca\/EnvProfTP2\/wordpress\/wp-content\/uploads\/2026\/02\/image-6-scaled.png 2560w, https:\/\/mroy.dectim.ca\/EnvProfTP2\/wordpress\/wp-content\/uploads\/2026\/02\/image-6-300x200.png 300w, https:\/\/mroy.dectim.ca\/EnvProfTP2\/wordpress\/wp-content\/uploads\/2026\/02\/image-6-1024x683.png 1024w, https:\/\/mroy.dectim.ca\/EnvProfTP2\/wordpress\/wp-content\/uploads\/2026\/02\/image-6-768x512.png 768w, https:\/\/mroy.dectim.ca\/EnvProfTP2\/wordpress\/wp-content\/uploads\/2026\/02\/image-6-1536x1024.png 1536w, https:\/\/mroy.dectim.ca\/EnvProfTP2\/wordpress\/wp-content\/uploads\/2026\/02\/image-6-2048x1365.png 2048w\" sizes=\"auto, (max-width: 2560px) 100vw, 2560px\" \/><span aria-hidden=\"true\" class=\"wp-block-cover__background has-ast-global-color-6-background-color has-background-dim-30 has-background-dim\"><\/span><div class=\"wp-block-cover__inner-container is-layout-constrained wp-block-cover-is-layout-constrained\">\n<h1 class=\"wp-block-heading o-typing-delay-100ms o-typing-fast has-ast-global-color-5-color has-text-color has-link-color wp-elements-8f51207731acc0d681a496331a7bdc33\"><o-anim-typing>Qui sommes-nous<\/o-anim-typing><\/h1>\n<\/div><\/div>\n\n\n\n<figure class=\"wp-block-gallery has-nested-images columns-3 is-cropped animated fadeIn wp-block-gallery-2 is-layout-flex wp-block-gallery-is-layout-flex\" style=\"border-style:none;border-width:0px\">\n<figure class=\"wp-block-image size-large\"><img loading=\"lazy\" decoding=\"async\" width=\"682\" height=\"1024\" data-id=\"1089\" src=\"https:\/\/mroy.dectim.ca\/EnvProfTP2\/wordpress\/wp-content\/uploads\/2026\/04\/image_2026-04-12_165732969-682x1024.png\" alt=\"\" class=\"wp-image-1089\" srcset=\"https:\/\/mroy.dectim.ca\/EnvProfTP2\/wordpress\/wp-content\/uploads\/2026\/04\/image_2026-04-12_165732969-682x1024.png 682w, https:\/\/mroy.dectim.ca\/EnvProfTP2\/wordpress\/wp-content\/uploads\/2026\/04\/image_2026-04-12_165732969-200x300.png 200w, https:\/\/mroy.dectim.ca\/EnvProfTP2\/wordpress\/wp-content\/uploads\/2026\/04\/image_2026-04-12_165732969.png 687w\" sizes=\"auto, (max-width: 682px) 100vw, 682px\" \/><\/figure>\n\n\n\n<figure class=\"wp-block-image size-large is-style-default\"><img loading=\"lazy\" decoding=\"async\" width=\"1024\" height=\"683\" data-id=\"657\" src=\"https:\/\/mroy.dectim.ca\/EnvProfTP2\/wordpress\/wp-content\/uploads\/2026\/03\/PME-1024x683.jpg\" alt=\"\" class=\"wp-image-657\" srcset=\"https:\/\/mroy.dectim.ca\/EnvProfTP2\/wordpress\/wp-content\/uploads\/2026\/03\/PME-1024x683.jpg 1024w, https:\/\/mroy.dectim.ca\/EnvProfTP2\/wordpress\/wp-content\/uploads\/2026\/03\/PME-300x200.jpg 300w, https:\/\/mroy.dectim.ca\/EnvProfTP2\/wordpress\/wp-content\/uploads\/2026\/03\/PME-768x512.jpg 768w, https:\/\/mroy.dectim.ca\/EnvProfTP2\/wordpress\/wp-content\/uploads\/2026\/03\/PME-1536x1024.jpg 1536w, https:\/\/mroy.dectim.ca\/EnvProfTP2\/wordpress\/wp-content\/uploads\/2026\/03\/PME-2048x1365.jpg 2048w\" sizes=\"auto, (max-width: 1024px) 100vw, 1024px\" \/><\/figure>\n\n\n\n<figure class=\"wp-block-image size-large\"><img loading=\"lazy\" decoding=\"async\" width=\"1024\" height=\"683\" data-id=\"171\" src=\"https:\/\/mroy.dectim.ca\/EnvProfTP2\/wordpress\/wp-content\/uploads\/2026\/02\/FromationSensibilisation-1024x683.png\" alt=\"\" class=\"wp-image-171\" srcset=\"https:\/\/mroy.dectim.ca\/EnvProfTP2\/wordpress\/wp-content\/uploads\/2026\/02\/FromationSensibilisation-1024x683.png 1024w, https:\/\/mroy.dectim.ca\/EnvProfTP2\/wordpress\/wp-content\/uploads\/2026\/02\/FromationSensibilisation-300x200.png 300w, https:\/\/mroy.dectim.ca\/EnvProfTP2\/wordpress\/wp-content\/uploads\/2026\/02\/FromationSensibilisation-768x512.png 768w, https:\/\/mroy.dectim.ca\/EnvProfTP2\/wordpress\/wp-content\/uploads\/2026\/02\/FromationSensibilisation-1536x1025.png 1536w, https:\/\/mroy.dectim.ca\/EnvProfTP2\/wordpress\/wp-content\/uploads\/2026\/02\/FromationSensibilisation.png 1920w\" sizes=\"auto, (max-width: 1024px) 100vw, 1024px\" \/><\/figure>\n<\/figure>\n\n\n\n<div class=\"wp-block-group is-layout-constrained wp-container-core-group-is-layout-c06d165c wp-block-group-is-layout-constrained\" style=\"padding-top:0;padding-right:0;padding-bottom:0;padding-left:0\">\n<p class=\"animated fadeIn\" style=\"padding-top:0;padding-right:0rem;padding-left:0\">Nous sommes un groupe de passionn\u00e9s de jeux vid\u00e9o et notre compagnie \u00ab&nbsp;<strong><em>Quad Studio<\/em><\/strong>&nbsp;\u00bb se sp\u00e9cialise dans le \u00ab&nbsp;<strong>business <\/strong>to <strong>business<\/strong>&nbsp;\u00bb. En d\u2019autres mots, nous offrons des services de <strong>d\u00e9veloppement <\/strong>de jeux vid\u00e9o pour d\u2019autres compagnies dans le but d\u2019offrir des formations soit <strong>professionnelles <\/strong>ou <strong>\u00e9ducationnelles, <\/strong>ou m\u00eame les deux tout d\u00e9pendants de la compagnie pour laquelle nous travaillerons.<\/p>\n\n\n\n<div class=\"wp-block-buttons animated slideInUp is-layout-flex wp-block-buttons-is-layout-flex\" style=\"margin-bottom:var(--wp--preset--spacing--60);padding-top:var(--wp--preset--spacing--40);padding-bottom:var(--wp--preset--spacing--40)\">\n<div class=\"wp-block-button animated fadeIn\"><a class=\"wp-block-button__link wp-element-button\" href=\"https:\/\/mroy.dectim.ca\/EnvProfTP2\/wordpress\/nos-services\/\">VOIR NOS SERVICES<\/a><\/div>\n<\/div>\n\n\n\n<h2 class=\"wp-block-heading animated fadeIn\" style=\"margin-top:0;margin-right:0;margin-bottom:0;margin-left:0\">Notre flux de production<\/h2>\n\n\n\n<p class=\"animated fadeIn\" style=\"margin-top:var(--wp--preset--spacing--40);margin-bottom:var(--wp--preset--spacing--60)\">Nous travaillons en donnans le plus possible de la r\u00e9troaction \u00e0 nos clients et en am\u00e9liorant le produit au fur et \u00e0 mesure \u00e0 partir de ces r\u00e9troactions. Nous rencontrons les clients au d\u00e9but, au milieux et \u00e0 la fin de la production du projet. Nous sommes \u00e9galements ouverts \u00e0 les rencontrer plusieurs fois suppl\u00e9mentaires s&rsquo;ils le veulent. <\/p>\n<\/div>\n\n\n\n<div class=\"wp-block-group alignfull has-background is-content-justification-center is-layout-constrained wp-block-group-is-layout-constrained\" style=\"background-color:#ffd4c5\">\n<div class=\"wp-block-group is-layout-constrained wp-container-core-group-is-layout-639b5052 wp-block-group-is-layout-constrained\" style=\"min-height:0px;padding-top:0;padding-right:0;padding-bottom:0;padding-left:0\">\n<div class=\"wp-block-group is-content-justification-left is-nowrap is-layout-flex wp-container-core-group-is-layout-3605d2d2 wp-block-group-is-layout-flex\" style=\"margin-top:var(--wp--preset--spacing--50);margin-bottom:var(--wp--preset--spacing--50);padding-top:var(--wp--preset--spacing--60);padding-right:0;padding-bottom:var(--wp--preset--spacing--60);padding-left:0\">\n<div class=\"wp-block-group animated slideInLeft is-layout-constrained wp-block-group-is-layout-constrained\">\n<h2 class=\"wp-block-heading animated fadeIn\">Notre mission<\/h2>\n\n\n\n<p class=\"animated fadeIn\" style=\"padding-right:0rem\">Notre mission est de cr\u00e9er des jeux vid\u00e9o dans le but de <strong>sensibiliser<\/strong>, <strong>former<\/strong> et <strong>\u00e9duquer<\/strong> le personnel employ\u00e9 et employeur.se des compagnies pour lesquelles nous offrons nos services ou bien des \u00e9coles voulant faire usage de nos services dans l\u2019\u00e9ducation des jeunes. Vous pourrez trouver des exemples de projets sur lesquels nous avons travaill\u00e9 en partenariat avec plusieurs compagnies diff\u00e9rentes.<\/p>\n<\/div>\n\n\n\n<div class=\"wp-block-group animated slideInRight is-layout-constrained wp-block-group-is-layout-constrained\">\n<h2 class=\"wp-block-heading animated fadeIn\">Notre histoire<\/h2>\n\n\n\n<p class=\"animated fadeIn\" style=\"padding-right:0rem\">Notre \u00e9quipe s\u2019est form\u00e9e dans un <em>but commun<\/em>, la sensibilisation \u00e0 travers notre <strong>passion du jeu vid\u00e9o<\/strong>. Des d\u00e9buts de la compagnie o\u00f9 nous avons trouv\u00e9 notre mission, jusqu\u2019\u00e0 aujourd\u2019hui, une compagnie qui travaille avec tant d\u2019autres. Nous favorisons les <em>compagnies plus petites<\/em> pour offrir une chance \u00e0 ces compagnies de commencer plus facilement au contraire d&rsquo;une grande compagnie qui n&rsquo;a pas besoin de nos services.<\/p>\n<\/div>\n<\/div>\n\n\n\n<div class=\"wp-block-buttons animated slideInUp is-layout-flex wp-block-buttons-is-layout-flex\" style=\"padding-top:var(--wp--preset--spacing--40);padding-bottom:var(--wp--preset--spacing--40)\">\n<div class=\"wp-block-button animated fadeIn is-style-outline is-style-outline--3\"><a class=\"wp-block-button__link wp-element-button\" href=\"https:\/\/mroy.dectim.ca\/EnvProfTP2\/wordpress\/contact\/\">Nous contacter<\/a><\/div>\n<\/div>\n<\/div>\n<\/div>\n\n\n\n<p><\/p>\n","protected":false},"excerpt":{"rendered":"<p>Nous sommes un groupe de passionn\u00e9s de jeux vid\u00e9o et notre compagnie \u00ab&nbsp;Quad Studio&nbsp;\u00bb se sp\u00e9cialise dans le \u00ab&nbsp;business to business&nbsp;\u00bb. En d\u2019autres mots, nous offrons des services de d\u00e9veloppement de jeux vid\u00e9o pour d\u2019autres compagnies dans le but d\u2019offrir des formations soit professionnelles ou \u00e9ducationnelles, ou m\u00eame les deux tout d\u00e9pendants de la compagnie [&hellip;]<\/p>\n","protected":false},"author":1,"featured_media":0,"parent":0,"menu_order":0,"comment_status":"closed","ping_status":"closed","template":"","meta":{"site-sidebar-layout":"default","site-content-layout":"","ast-site-content-layout":"default","site-content-style":"default","site-sidebar-style":"default","ast-global-header-display":"","ast-banner-title-visibility":"","ast-main-header-display":"","ast-hfb-above-header-display":"","ast-hfb-below-header-display":"","ast-hfb-mobile-header-display":"","site-post-title":"disabled","ast-breadcrumbs-content":"","ast-featured-img":"","footer-sml-layout":"","ast-disable-related-posts":"","theme-transparent-header-meta":"","adv-header-id-meta":"","stick-header-meta":"","header-above-stick-meta":"","header-main-stick-meta":"","header-below-stick-meta":"","astra-migrate-meta-layouts":"default","ast-page-background-enabled":"default","ast-page-background-meta":{"desktop":{"background-color":"var(--ast-global-color-5)","background-image":"","background-repeat":"repeat","background-position":"center center","background-size":"auto","background-attachment":"scroll","background-type":"","background-media":"","overlay-type":"","overlay-color":"","overlay-opacity":"","overlay-gradient":""},"tablet":{"background-color":"","background-image":"","background-repeat":"repeat","background-position":"center center","background-size":"auto","background-attachment":"scroll","background-type":"","background-media":"","overlay-type":"","overlay-color":"","overlay-opacity":"","overlay-gradient":""},"mobile":{"background-color":"","background-image":"","background-repeat":"repeat","background-position":"center center","background-size":"auto","background-attachment":"scroll","background-type":"","background-media":"","overlay-type":"","overlay-color":"","overlay-opacity":"","overlay-gradient":""}},"ast-content-background-meta":{"desktop":{"background-color":"var(--ast-global-color-4)","background-image":"","background-repeat":"repeat","background-position":"center center","background-size":"auto","background-attachment":"scroll","background-type":"","background-media":"","overlay-type":"","overlay-color":"","overlay-opacity":"","overlay-gradient":""},"tablet":{"background-color":"var(--ast-global-color-4)","background-image":"","background-repeat":"repeat","background-position":"center center","background-size":"auto","background-attachment":"scroll","background-type":"","background-media":"","overlay-type":"","overlay-color":"","overlay-opacity":"","overlay-gradient":""},"mobile":{"background-color":"var(--ast-global-color-4)","background-image":"","background-repeat":"repeat","background-position":"center center","background-size":"auto","background-attachment":"scroll","background-type":"","background-media":"","overlay-type":"","overlay-color":"","overlay-opacity":"","overlay-gradient":""}},"footnotes":""},"class_list":["post-8","page","type-page","status-publish","hentry"],"_links":{"self":[{"href":"https:\/\/mroy.dectim.ca\/EnvProfTP2\/wordpress\/wp-json\/wp\/v2\/pages\/8","targetHints":{"allow":["GET"]}}],"collection":[{"href":"https:\/\/mroy.dectim.ca\/EnvProfTP2\/wordpress\/wp-json\/wp\/v2\/pages"}],"about":[{"href":"https:\/\/mroy.dectim.ca\/EnvProfTP2\/wordpress\/wp-json\/wp\/v2\/types\/page"}],"author":[{"embeddable":true,"href":"https:\/\/mroy.dectim.ca\/EnvProfTP2\/wordpress\/wp-json\/wp\/v2\/users\/1"}],"replies":[{"embeddable":true,"href":"https:\/\/mroy.dectim.ca\/EnvProfTP2\/wordpress\/wp-json\/wp\/v2\/comments?post=8"}],"version-history":[{"count":45,"href":"https:\/\/mroy.dectim.ca\/EnvProfTP2\/wordpress\/wp-json\/wp\/v2\/pages\/8\/revisions"}],"predecessor-version":[{"id":1553,"href":"https:\/\/mroy.dectim.ca\/EnvProfTP2\/wordpress\/wp-json\/wp\/v2\/pages\/8\/revisions\/1553"}],"wp:attachment":[{"href":"https:\/\/mroy.dectim.ca\/EnvProfTP2\/wordpress\/wp-json\/wp\/v2\/media?parent=8"}],"curies":[{"name":"wp","href":"https:\/\/api.w.org\/{rel}","templated":true}]}}